
{"id":2134,"date":"2023-06-15T11:25:28","date_gmt":"2023-06-15T09:25:28","guid":{"rendered":"https:\/\/www.chamiandco.com\/?page_id=2134"},"modified":"2025-02-19T12:26:29","modified_gmt":"2025-02-19T11:26:29","slug":"qui-sommes-nous","status":"publish","type":"page","link":"https:\/\/www.chamiandco.com\/fr\/qui-sommes-nous\/","title":{"rendered":"Qui sommes-nous ?"},"content":{"rendered":"\r\n\r\n<section class=\"b-hero-sm bg-c1\" id='block_72f4b18987aa701de34f540cabeeae0d'>\r\n\t<div class=\"container\" data-aos=\"fade\">\r\n\t\t<div class=\"b-hero-sm_wrp spc-y5\">\r\n\t\t\t<header class=\"b-hero-sm_header spc-y2\">\r\n\t\t\t\t<h1 class=\"b-hero-sm_ttl\" data-aos=\"fade-right\" data-aos-delay='50' class=\"b-hero-sm_ttl\" data-aos=\"fade-right\" data-aos-delay='50' id=\"qui-sommes-nous\">Qui sommes-nous ?<\/h1>\r\n\t\t\t\t\t\t\t<\/header>\r\n\t\t<\/div>\r\n\t<\/div>\r\n\t\t\t<figure class=\"b-hero-sm_figure bg-wrp flt flt-g2\" data-aos=\"fade\">\r\n\t\t\t<img decoding=\"async\" class='b-hero-sm_med prlx' loading='lazy' alt=\"qui-sommes-nous\" src=\"https:\/\/www.chamiandco.com\/wp-content\/uploads\/2023\/06\/shutterstock_691685071@2x-1-1.jpg\" width=\"100%\" height=\"100%\" srcset=\"https:\/\/www.chamiandco.com\/wp-content\/uploads\/2023\/06\/shutterstock_691685071@2x-1-1.jpg 1920w, https:\/\/www.chamiandco.com\/wp-content\/uploads\/2023\/06\/shutterstock_691685071@2x-1-1-768x362.jpg 768w, https:\/\/www.chamiandco.com\/wp-content\/uploads\/2023\/06\/shutterstock_691685071@2x-1-1-1024x483.jpg 1024w, https:\/\/www.chamiandco.com\/wp-content\/uploads\/2023\/06\/shutterstock_691685071@2x-1-1-1536x724.jpg 1536w\" sizes=\"(max-width: 1920px) 100vw, 1920px\">\t\t<\/figure>\r\n\t<\/section>\r\n<section class=\"b-breadcrumb\" data-aos=\"fade\">\r\n\t<div class=\"container\"><ul class=\"g-crumb\"><\/span><li class='g-crumb_item'><a class=\"g-crumb_link\" href=\"https:\/\/www.chamiandco.com\/fr\/\" >Accueil<\/a><\/li><\/span><\/ul><\/div>\r\n<\/section>\r\n\r\n\n\n\r\n\r\n<section class=\"b-tinymce spc-y5 bg-cw column1bis\" id='block_86176aea1d11ebebf13b8484f8ae2fb8' data-aos=\"fade\">\r\n\t<div class=\"container\" data-aos=\"fade-up\">\r\n\t\t\r\n\t\t\t\t\t\t\t<header class=\"b-tinymce_header row editor\">\r\n\t\t\t\t\t<h1 class=\"b-tinymce_ttl\"  class=\"b-tinymce_ttl\"  id=\"notre-mission\">Notre mission<\/h2>\t\t\t\t\t\t\t\t\t<\/header>\r\n\t\t\t\r\n\t\t\t<div class=\"row\">\r\n\t\t\t\t<div class=\"col-9\">\r\n\t\t\t\t\t<div class=\"b-tinymce_txt editor\"><ul>\n<li>Nous sommes une banque d\u2019affaires ind\u00e9pendante, dont la vocation est de soutenir les entreprises et les acteurs du capital-investissement dans la d\u00e9finition et l\u2019ex\u00e9cution de leurs strat\u00e9gies de croissance externe.<\/li>\n<li>Nous \u00e9tablissons des relations \u00e0 long terme avec nos clients, ce qui nous permet de tirer parti de notre connaissance approfondie de leurs activit\u00e9s et de leurs besoins pour leur offrir les conseils les plus adapt\u00e9s.<\/li>\n<\/ul>\n<\/div>\r\n\t\t\t\t<\/div>\r\n\t\t\t\t\t\t\t<\/div>\r\n\r\n\t<\/div>\r\n<\/section>\r\n\r\n\n\n\r\n\r\n\t<section class=\"b-list-values spc-y5 bg-cw\" id='block_42474990e4362f92cef31201fb4bc1dd' data-aos='fade'>\r\n\t\t<div class=\"container\">\r\n\t\t<div class=\"row\">\r\n\t\t\t<div class=\"col-lg-10\">\r\n\t\t\t\t<header class=\"b-list-values_header\">\r\n\t\t\t\t\t<h2 class=\"b-list-values_head\" class=\"b-list-values_head\" id=\"nos-valeurs\">Nos valeurs<\/h2>\r\n\t\t\t\t<\/header>\r\n\t\t\t\t<div class=\"row gx-5 gy-5 bg-card\">\r\n\t\t\t\t\t\t\t\t\t\t\t<article class=\"col-sm-6 col-lg-4 col-xl-4\" data-aos='fade-up' data-aos-delay='0'>\r\n\t\t\t\t\t\t\t\r\n<div class=\"c-card-values bg-cw\">\r\n    <figure class=\"rt-1x1\">\r\n        <img decoding=\"async\" class='c-card-values_med' loading='lazy' alt=\"qui-sommes-nous\" src=\"https:\/\/www.chamiandco.com\/wp-content\/uploads\/2023\/04\/picto-excellence-c2.png\" width=\"100%\" height=\"100%\" srcset=\"\" sizes=\"(max-width: 49px) 100vw, 49px\">\r\n    <\/figure>\r\n    <div class=\"c-card-values_txt editor\">\r\n        <h3 class=\"c-card-values_ttl\" class=\"c-card-values_ttl\" id=\"excellence\">Excellence<\/h3>\r\n        <p class=\"c-card-values_desc\">Nous nous engageons \u00e0 d\u00e9livrer l\u2019excellence en encourageant nos \u00e9quipes \u00e0 \u00eatre toujours ambitieuses<\/p>\r\n    <\/div>\r\n<\/div>\t\t\t\t\t\t<\/article>\r\n\t\t\t\t\t\t\t\t\t\t\t<article class=\"col-sm-6 col-lg-4 col-xl-4\" data-aos='fade-up' data-aos-delay='50'>\r\n\t\t\t\t\t\t\t\r\n<div class=\"c-card-values bg-cw\">\r\n    <figure class=\"rt-1x1\">\r\n        <img decoding=\"async\" class='c-card-values_med' loading='lazy' alt=\"qui-sommes-nous\" src=\"https:\/\/www.chamiandco.com\/wp-content\/uploads\/2023\/04\/picto-engagement-c2.png\" width=\"100%\" height=\"100%\" srcset=\"\" sizes=\"(max-width: 73px) 100vw, 73px\">\r\n    <\/figure>\r\n    <div class=\"c-card-values_txt editor\">\r\n        <h3 class=\"c-card-values_ttl\" class=\"c-card-values_ttl\" id=\"engagement\">Engagement<\/h3>\r\n        <p class=\"c-card-values_desc\">Pleine implication de nos \u00e9quipes dans le seul but d\u2019assurer le succ\u00e8s des projets de nos clients<\/p>\r\n    <\/div>\r\n<\/div>\t\t\t\t\t\t<\/article>\r\n\t\t\t\t\t\t\t\t\t\t\t<article class=\"col-sm-6 col-lg-4 col-xl-4\" data-aos='fade-up' data-aos-delay='100'>\r\n\t\t\t\t\t\t\t\r\n<div class=\"c-card-values bg-cw\">\r\n    <figure class=\"rt-1x1\">\r\n        <img decoding=\"async\" class='c-card-values_med' loading='lazy' alt=\"qui-sommes-nous\" src=\"https:\/\/www.chamiandco.com\/wp-content\/uploads\/2023\/04\/picto-confiance-c2.png\" width=\"100%\" height=\"100%\" srcset=\"\" sizes=\"(max-width: 56px) 100vw, 56px\">\r\n    <\/figure>\r\n    <div class=\"c-card-values_txt editor\">\r\n        <h3 class=\"c-card-values_ttl\" class=\"c-card-values_ttl\" id=\"confiance\">Confiance<\/h3>\r\n        <p class=\"c-card-values_desc\">La confiance est au c\u0153ur des relations \u00e0 long terme que nous avons \u00e9tablies<\/p>\r\n    <\/div>\r\n<\/div>\t\t\t\t\t\t<\/article>\r\n\t\t\t\t\t\t\t\t\t\t\t<article class=\"col-sm-6 col-lg-4 col-xl-4\" data-aos='fade-up' data-aos-delay='150'>\r\n\t\t\t\t\t\t\t\r\n<div class=\"c-card-values bg-cw\">\r\n    <figure class=\"rt-1x1\">\r\n        <img decoding=\"async\" class='c-card-values_med' loading='lazy' alt=\"qui-sommes-nous\" src=\"https:\/\/www.chamiandco.com\/wp-content\/uploads\/2023\/04\/picto-loyalty-c2.png\" width=\"100%\" height=\"100%\" srcset=\"\" sizes=\"(max-width: 66px) 100vw, 66px\">\r\n    <\/figure>\r\n    <div class=\"c-card-values_txt editor\">\r\n        <h3 class=\"c-card-values_ttl\" class=\"c-card-values_ttl\" id=\"loyaute\">Loyaut\u00e9<\/h3>\r\n        <p class=\"c-card-values_desc\">Nous restons fid\u00e8les \u00e0 nos clients dans l\u2019exercice de nos fonctions<\/p>\r\n    <\/div>\r\n<\/div>\t\t\t\t\t\t<\/article>\r\n\t\t\t\t\t\t\t\t\t\t\t<article class=\"col-sm-6 col-lg-4 col-xl-4\" data-aos='fade-up' data-aos-delay='200'>\r\n\t\t\t\t\t\t\t\r\n<div class=\"c-card-values bg-cw\">\r\n    <figure class=\"rt-1x1\">\r\n        <img decoding=\"async\" class='c-card-values_med' loading='lazy' alt=\"qui-sommes-nous\" src=\"https:\/\/www.chamiandco.com\/wp-content\/uploads\/2023\/04\/picto-flexibilite-c2.png\" width=\"100%\" height=\"100%\" srcset=\"\" sizes=\"(max-width: 63px) 100vw, 63px\">\r\n    <\/figure>\r\n    <div class=\"c-card-values_txt editor\">\r\n        <h3 class=\"c-card-values_ttl\" class=\"c-card-values_ttl\" id=\"pragmatisme\">Pragmatisme<\/h3>\r\n        <p class=\"c-card-values_desc\">Nos \u00e9quipes adoptent toujours une approche unique pour r\u00e9pondre au mieux aux besoins de nos clients<\/p>\r\n    <\/div>\r\n<\/div>\t\t\t\t\t\t<\/article>\r\n\t\t\t\t\t\t\t\t\t\t\t<article class=\"col-sm-6 col-lg-4 col-xl-4\" data-aos='fade-up' data-aos-delay='250'>\r\n\t\t\t\t\t\t\t\r\n<div class=\"c-card-values bg-cw\">\r\n    <figure class=\"rt-1x1\">\r\n        <img decoding=\"async\" class='c-card-values_med' loading='lazy' alt=\"qui-sommes-nous\" src=\"https:\/\/www.chamiandco.com\/wp-content\/uploads\/2023\/04\/picto-check-1.png\" width=\"100%\" height=\"100%\" srcset=\"\" sizes=\"(max-width: 72px) 100vw, 72px\">\r\n    <\/figure>\r\n    <div class=\"c-card-values_txt editor\">\r\n        <h3 class=\"c-card-values_ttl\" class=\"c-card-values_ttl\" id=\"independance\">Ind\u00e9pendance<\/h3>\r\n        <p class=\"c-card-values_desc\">Notre ind\u00e9pendance assure la confidentialit\u00e9 et la sinc\u00e9rit\u00e9 de nos conseils<\/p>\r\n    <\/div>\r\n<\/div>\t\t\t\t\t\t<\/article>\r\n\t\t\t\t\t\t\t\t\t<\/div>\r\n\t\t\t<\/div>\r\n\t\t\t\t\t<\/div>\r\n\t<\/section>\r\n\r\n","protected":false},"excerpt":{"rendered":"","protected":false},"author":3,"featured_media":1935,"parent":0,"menu_order":0,"comment_status":"closed","ping_status":"closed","template":"","meta":{"_acf_changed":false,"inline_featured_image":false,"footnotes":""},"tag-page":[],"class_list":["post-2134","page","type-page","status-publish","has-post-thumbnail","hentry"],"acf":[],"yoast_head":"<!-- This site is optimized with the Yoast SEO plugin v27.3 - https:\/\/yoast.com\/product\/yoast-seo-wordpress\/ -->\n<title>Chami &amp; Co<\/title>\n<meta name=\"robots\" content=\"index, follow, max-snippet:-1, max-image-preview:large, max-video-preview:-1\" \/>\n<link rel=\"canonical\" href=\"https:\/\/www.chamiandco.com\/fr\/qui-sommes-nous\/\" \/>\n<meta property=\"og:locale\" content=\"fr_FR\" \/>\n<meta property=\"og:type\" content=\"article\" \/>\n<meta property=\"og:title\" content=\"Qui sommes-nous ? - Chami &amp; Co\" \/>\n<meta property=\"og:url\" content=\"https:\/\/www.chamiandco.com\/fr\/qui-sommes-nous\/\" \/>\n<meta property=\"og:site_name\" content=\"Chami &amp; Co\" \/>\n<meta property=\"article:modified_time\" content=\"2025-02-19T11:26:29+00:00\" \/>\n<meta property=\"og:image\" content=\"https:\/\/www.chamiandco.com\/wp-content\/uploads\/2023\/04\/hero-carriere-1.jpg\" \/>\n\t<meta property=\"og:image:width\" content=\"1920\" \/>\n\t<meta property=\"og:image:height\" content=\"905\" \/>\n\t<meta property=\"og:image:type\" content=\"image\/jpeg\" \/>\n<meta name=\"twitter:card\" content=\"summary_large_image\" \/>\n<script type=\"application\/ld+json\" class=\"yoast-schema-graph\">{\"@context\":\"https:\\\/\\\/schema.org\",\"@graph\":[{\"@type\":\"WebPage\",\"@id\":\"https:\\\/\\\/www.chamiandco.com\\\/fr\\\/qui-sommes-nous\\\/\",\"url\":\"https:\\\/\\\/www.chamiandco.com\\\/fr\\\/qui-sommes-nous\\\/\",\"name\":\"Qui sommes-nous ? - Chami &amp; Co\",\"isPartOf\":{\"@id\":\"https:\\\/\\\/www.chamiandco.com\\\/fr\\\/#website\"},\"primaryImageOfPage\":{\"@id\":\"https:\\\/\\\/www.chamiandco.com\\\/fr\\\/qui-sommes-nous\\\/#primaryimage\"},\"image\":{\"@id\":\"https:\\\/\\\/www.chamiandco.com\\\/fr\\\/qui-sommes-nous\\\/#primaryimage\"},\"thumbnailUrl\":\"https:\\\/\\\/www.chamiandco.com\\\/wp-content\\\/uploads\\\/2023\\\/04\\\/hero-carriere-1.jpg\",\"datePublished\":\"2023-06-15T09:25:28+00:00\",\"dateModified\":\"2025-02-19T11:26:29+00:00\",\"breadcrumb\":{\"@id\":\"https:\\\/\\\/www.chamiandco.com\\\/fr\\\/qui-sommes-nous\\\/#breadcrumb\"},\"inLanguage\":\"fr-FR\",\"potentialAction\":[{\"@type\":\"ReadAction\",\"target\":[\"https:\\\/\\\/www.chamiandco.com\\\/fr\\\/qui-sommes-nous\\\/\"]}]},{\"@type\":\"ImageObject\",\"inLanguage\":\"fr-FR\",\"@id\":\"https:\\\/\\\/www.chamiandco.com\\\/fr\\\/qui-sommes-nous\\\/#primaryimage\",\"url\":\"https:\\\/\\\/www.chamiandco.com\\\/wp-content\\\/uploads\\\/2023\\\/04\\\/hero-carriere-1.jpg\",\"contentUrl\":\"https:\\\/\\\/www.chamiandco.com\\\/wp-content\\\/uploads\\\/2023\\\/04\\\/hero-carriere-1.jpg\",\"width\":1920,\"height\":905},{\"@type\":\"BreadcrumbList\",\"@id\":\"https:\\\/\\\/www.chamiandco.com\\\/fr\\\/qui-sommes-nous\\\/#breadcrumb\",\"itemListElement\":[{\"@type\":\"ListItem\",\"position\":1,\"name\":\"Accueil\",\"item\":\"https:\\\/\\\/www.chamiandco.com\\\/fr\\\/\"},{\"@type\":\"ListItem\",\"position\":2,\"name\":\"Qui sommes-nous ?\"}]},{\"@type\":\"WebSite\",\"@id\":\"https:\\\/\\\/www.chamiandco.com\\\/fr\\\/#website\",\"url\":\"https:\\\/\\\/www.chamiandco.com\\\/fr\\\/\",\"name\":\"Chami & Co\",\"description\":\"Conseil et financement d&#039;entreprises \u00e0 Paris\",\"potentialAction\":[{\"@type\":\"SearchAction\",\"target\":{\"@type\":\"EntryPoint\",\"urlTemplate\":\"https:\\\/\\\/www.chamiandco.com\\\/fr\\\/?s={search_term_string}\"},\"query-input\":{\"@type\":\"PropertyValueSpecification\",\"valueRequired\":true,\"valueName\":\"search_term_string\"}}],\"inLanguage\":\"fr-FR\"}]}<\/script>\n<!-- \/ Yoast SEO plugin. -->","yoast_head_json":{"title":"Chami &amp; Co","robots":{"index":"index","follow":"follow","max-snippet":"max-snippet:-1","max-image-preview":"max-image-preview:large","max-video-preview":"max-video-preview:-1"},"canonical":"https:\/\/www.chamiandco.com\/fr\/qui-sommes-nous\/","og_locale":"fr_FR","og_type":"article","og_title":"Qui sommes-nous ? - Chami &amp; Co","og_url":"https:\/\/www.chamiandco.com\/fr\/qui-sommes-nous\/","og_site_name":"Chami &amp; Co","article_modified_time":"2025-02-19T11:26:29+00:00","og_image":[{"width":1920,"height":905,"url":"https:\/\/www.chamiandco.com\/wp-content\/uploads\/2023\/04\/hero-carriere-1.jpg","type":"image\/jpeg"}],"twitter_card":"summary_large_image","schema":{"@context":"https:\/\/schema.org","@graph":[{"@type":"WebPage","@id":"https:\/\/www.chamiandco.com\/fr\/qui-sommes-nous\/","url":"https:\/\/www.chamiandco.com\/fr\/qui-sommes-nous\/","name":"Qui sommes-nous ? - Chami &amp; Co","isPartOf":{"@id":"https:\/\/www.chamiandco.com\/fr\/#website"},"primaryImageOfPage":{"@id":"https:\/\/www.chamiandco.com\/fr\/qui-sommes-nous\/#primaryimage"},"image":{"@id":"https:\/\/www.chamiandco.com\/fr\/qui-sommes-nous\/#primaryimage"},"thumbnailUrl":"https:\/\/www.chamiandco.com\/wp-content\/uploads\/2023\/04\/hero-carriere-1.jpg","datePublished":"2023-06-15T09:25:28+00:00","dateModified":"2025-02-19T11:26:29+00:00","breadcrumb":{"@id":"https:\/\/www.chamiandco.com\/fr\/qui-sommes-nous\/#breadcrumb"},"inLanguage":"fr-FR","potentialAction":[{"@type":"ReadAction","target":["https:\/\/www.chamiandco.com\/fr\/qui-sommes-nous\/"]}]},{"@type":"ImageObject","inLanguage":"fr-FR","@id":"https:\/\/www.chamiandco.com\/fr\/qui-sommes-nous\/#primaryimage","url":"https:\/\/www.chamiandco.com\/wp-content\/uploads\/2023\/04\/hero-carriere-1.jpg","contentUrl":"https:\/\/www.chamiandco.com\/wp-content\/uploads\/2023\/04\/hero-carriere-1.jpg","width":1920,"height":905},{"@type":"BreadcrumbList","@id":"https:\/\/www.chamiandco.com\/fr\/qui-sommes-nous\/#breadcrumb","itemListElement":[{"@type":"ListItem","position":1,"name":"Accueil","item":"https:\/\/www.chamiandco.com\/fr\/"},{"@type":"ListItem","position":2,"name":"Qui sommes-nous ?"}]},{"@type":"WebSite","@id":"https:\/\/www.chamiandco.com\/fr\/#website","url":"https:\/\/www.chamiandco.com\/fr\/","name":"Chami & Co","description":"Conseil et financement d&#039;entreprises \u00e0 Paris","potentialAction":[{"@type":"SearchAction","target":{"@type":"EntryPoint","urlTemplate":"https:\/\/www.chamiandco.com\/fr\/?s={search_term_string}"},"query-input":{"@type":"PropertyValueSpecification","valueRequired":true,"valueName":"search_term_string"}}],"inLanguage":"fr-FR"}]}},"_links":{"self":[{"href":"https:\/\/www.chamiandco.com\/fr\/wp-json\/wp\/v2\/pages\/2134","targetHints":{"allow":["GET"]}}],"collection":[{"href":"https:\/\/www.chamiandco.com\/fr\/wp-json\/wp\/v2\/pages"}],"about":[{"href":"https:\/\/www.chamiandco.com\/fr\/wp-json\/wp\/v2\/types\/page"}],"author":[{"embeddable":true,"href":"https:\/\/www.chamiandco.com\/fr\/wp-json\/wp\/v2\/users\/3"}],"replies":[{"embeddable":true,"href":"https:\/\/www.chamiandco.com\/fr\/wp-json\/wp\/v2\/comments?post=2134"}],"version-history":[{"count":4,"href":"https:\/\/www.chamiandco.com\/fr\/wp-json\/wp\/v2\/pages\/2134\/revisions"}],"predecessor-version":[{"id":3300,"href":"https:\/\/www.chamiandco.com\/fr\/wp-json\/wp\/v2\/pages\/2134\/revisions\/3300"}],"wp:featuredmedia":[{"embeddable":true,"href":"https:\/\/www.chamiandco.com\/fr\/wp-json\/wp\/v2\/media\/1935"}],"wp:attachment":[{"href":"https:\/\/www.chamiandco.com\/fr\/wp-json\/wp\/v2\/media?parent=2134"}],"wp:term":[{"taxonomy":"tag-page","embeddable":true,"href":"https:\/\/www.chamiandco.com\/fr\/wp-json\/wp\/v2\/tag-page?post=2134"}],"curies":[{"name":"wp","href":"https:\/\/api.w.org\/{rel}","templated":true}]}}