
{"id":2137,"date":"2023-04-24T10:42:58","date_gmt":"2023-04-24T08:42:58","guid":{"rendered":"https:\/\/www.chamiandco.com\/?page_id=1893"},"modified":"2025-09-16T10:26:10","modified_gmt":"2025-09-16T08:26:10","slug":"carriere","status":"publish","type":"page","link":"https:\/\/www.chamiandco.com\/fr\/carriere\/","title":{"rendered":"Carri\u00e8re"},"content":{"rendered":"\r\n\r\n<section class=\"b-hero-sm bg-c1\" id='block_154612e38b536445de7097ee722335cc'>\r\n\t<div class=\"container\" data-aos=\"fade\">\r\n\t\t<div class=\"b-hero-sm_wrp spc-y5\">\r\n\t\t\t<header class=\"b-hero-sm_header spc-y2\">\r\n\t\t\t\t<h1 class=\"b-hero-sm_ttl\" data-aos=\"fade-right\" data-aos-delay='50' class=\"b-hero-sm_ttl\" data-aos=\"fade-right\" data-aos-delay='50' id=\"carriere\">Carri\u00e8re<\/h1>\r\n\t\t\t\t\t\t\t<\/header>\r\n\t\t<\/div>\r\n\t<\/div>\r\n\t\t\t<figure class=\"b-hero-sm_figure bg-wrp flt flt-g2\" data-aos=\"fade\">\r\n\t\t\t<img decoding=\"async\" class='b-hero-sm_med prlx' loading='lazy' alt=\"carriere\" src=\"https:\/\/www.chamiandco.com\/wp-content\/uploads\/2023\/06\/hero-career.jpg\" width=\"100%\" height=\"100%\" srcset=\"https:\/\/www.chamiandco.com\/wp-content\/uploads\/2023\/06\/hero-career.jpg 1980w, https:\/\/www.chamiandco.com\/wp-content\/uploads\/2023\/06\/hero-career-768x330.jpg 768w, https:\/\/www.chamiandco.com\/wp-content\/uploads\/2023\/06\/hero-career-1024x440.jpg 1024w, https:\/\/www.chamiandco.com\/wp-content\/uploads\/2023\/06\/hero-career-1536x659.jpg 1536w\" sizes=\"(max-width: 1980px) 100vw, 1980px\">\t\t<\/figure>\r\n\t<\/section>\r\n<section class=\"b-breadcrumb\" data-aos=\"fade\">\r\n\t<div class=\"container\"><ul class=\"g-crumb\"><\/span><li class='g-crumb_item'><a class=\"g-crumb_link\" href=\"https:\/\/www.chamiandco.com\/fr\/\" >Accueil<\/a><\/li><\/span><\/ul><\/div>\r\n<\/section>\r\n\r\n\n\n\r\n\r\n<section class=\"b-tinymce spc-y5 bg-cw column2\" id='block_0882c335eb0913871cd05d293e96a3b2' data-aos=\"fade\">\r\n\t<div class=\"container\" data-aos=\"fade-up\">\r\n\t\t\r\n\t\t\t\t\t\t\t<header class=\"b-tinymce_header row editor\">\r\n\t\t\t\t\t<h1 class=\"b-tinymce_ttl\"  class=\"b-tinymce_ttl\"  id=\"nos-carrieres\">Nos carri\u00e8res<\/h2>\t\t\t\t\t\t\t\t\t<\/header>\r\n\t\t\t\r\n\t\t\t<div class=\"row\">\r\n\t\t\t\t<div class=\"col-5\">\r\n\t\t\t\t\t<div class=\"b-tinymce_txt editor\"><ul>\n<li>Pour soutenir notre \u00e9quipe en pleine croissance \u00e0 Paris, nous recherchons des personnes talentueuses et ambitieuses, ayant un v\u00e9ritable int\u00e9r\u00eat pour la finance d\u2019entreprise et d\u00e9sireuses d\u2019offrir l\u2019excellence et le meilleur service \u00e0 nos clients.&nbsp;<\/li>\n<\/ul>\n<\/div>\r\n\t\t\t\t<\/div>\r\n\t\t\t\t\t\t\t\t<div class=\"col-5\">\r\n\t\t\t\t\t<div class=\"b-tinymce_txt editor\"><ul>\n<li>Nous proposons&nbsp; une formation pratique et des possibilit\u00e9s d\u2019avancement rapide. Nous faisons confiance \u00e0 nos collaborateurs et attendons d\u2019eux qu\u2019ils se surpassent et alignent leur carri\u00e8re sur la croissance de notre entreprise. Vos objectifs, notre voyage !<\/li>\n<\/ul>\n<\/div>\r\n\t\t\t\t<\/div>\r\n\t\t\t\t\t\t\t<\/div>\r\n\r\n\t<\/div>\r\n<\/section>\r\n\r\n\n\n\r\n\r\n\t<section class=\"b-tabs spc-y4 bg-c3\" id='block_8686712d451ff5000ef590e3befb0f9d'>\r\n\t\t<div class=\"container\" data-aos='fade'>\r\n\t\t\t<ul class=\"b-tabs_nav centered nav active-link-2\">\r\n\t\t\t\t\t\t\t\t\t<li class=\"b-tabs_nav-item\">\r\n\t\t\t\t\t\t<button class=\"b-tabs_nav-tab active\" data-bs-target=\"#nav-0-block_8686712d451ff5000ef590e3befb0f9d\" data-bs-toggle=\"tab\">\r\n\t\t\t\t\t\t\t<h2 class=\"b-tabs_nav-tab-ttl\" class=\"b-tabs_nav-tab-ttl\" id=\"etudiants-diplomes\">\u00c9tudiants &#038; dipl\u00f4m\u00e9s<\/h2>\r\n\t\t\t\t\t\t<\/button>\r\n\t\t\t\t\t<\/li>\r\n\t\t\t\t\t\t\t\t\t<li class=\"b-tabs_nav-item\">\r\n\t\t\t\t\t\t<button class=\"b-tabs_nav-tab \" data-bs-target=\"#nav-1-block_8686712d451ff5000ef590e3befb0f9d\" data-bs-toggle=\"tab\">\r\n\t\t\t\t\t\t\t<h2 class=\"b-tabs_nav-tab-ttl\" class=\"b-tabs_nav-tab-ttl\" id=\"analystes\">Analystes<\/h2>\r\n\t\t\t\t\t\t<\/button>\r\n\t\t\t\t\t<\/li>\r\n\t\t\t\t\t\t\t\t\t<li class=\"b-tabs_nav-item\">\r\n\t\t\t\t\t\t<button class=\"b-tabs_nav-tab \" data-bs-target=\"#nav-2-block_8686712d451ff5000ef590e3befb0f9d\" data-bs-toggle=\"tab\">\r\n\t\t\t\t\t\t\t<h2 class=\"b-tabs_nav-tab-ttl\" class=\"b-tabs_nav-tab-ttl\" id=\"candidats-experimentes\">Candidats exp\u00e9riment\u00e9s<\/h2>\r\n\t\t\t\t\t\t<\/button>\r\n\t\t\t\t\t<\/li>\r\n\t\t\t\t\t\t\t<\/ul>\r\n\r\n\t\t\t<div class=\"tab-content\">\r\n\t\t\t\t\t\t\t\t\t<div class=\"tab-pane fade show active\" id=\"nav-0-block_8686712d451ff5000ef590e3befb0f9d\">\r\n\t\t\t\t\t\t\t\t\t\t\t\t\t<div class=\"tab-container row gy-4\">\r\n\t\t\t\t\t\t\t\t<div class=\"col-12 col-lg-6\">\r\n\t\t\t\t\t\t\t\t\t<div class=\"b-tabs_txt\">\r\n\t\t\t\t\t\t\t\t\t\t<div class=\"editor\"><h3 id=\"nos-opportunites\"><span style=\"color: #082b58;\">Nos opportunit\u00e9s<\/span><\/h3>\n<div class=\"c-wysiwyg\">\n<p><strong><span style=\"color: #082b58;\">Notre stage de six mois est con\u00e7u comme notre principal point d\u2019entr\u00e9e pour les \u00e9tudiants talentueux, leur permettant d\u2019acc\u00e9der \u00e0 des postes d\u2019analystes \u00e0 temps plein.<\/span><\/strong><\/p>\n<p><span style=\"color: #082b58;\"><span style=\"color: #b29242;\">\u25cf <\/span>Nos stagiaires sont imm\u00e9diatement affect\u00e9s \u00e0 des op\u00e9rations en cours et doivent apporter leur contribution d\u00e8s le premier jour. Ils sont pleinement impliqu\u00e9s dans l\u2019origination et l\u2019ex\u00e9cution et b\u00e9n\u00e9ficient d\u2019une exposition unique \u00e0 un large \u00e9ventail de transactions et de secteur.<\/span><\/p>\n<p><span style=\"color: #082b58;\"><span style=\"color: #b29242;\">\u25cf <\/span>Nous leur offrons la possibilit\u00e9 de s\u2019approprier des projets, de travailler aux c\u00f4t\u00e9s d\u2019associ\u00e9s seniors et de recevoir des conseils avis\u00e9s de la part de nos analystes, toujours disponibles pour les aider et leur fournir un feedback continu.<\/span><\/p>\n<p><span style=\"color: #082b58;\"><span style=\"color: #b29242;\">\u25cf <\/span>Les stagiaires sont charg\u00e9s d\u2019effectuer des recherches, de pr\u00e9parer les documents de support (information Memorandum, pitch, etc.), de fournir des analyses financi\u00e8res et de participer \u00e0 l\u2019effort de diligence raisonnable.<\/span><\/p>\n<\/div>\n<\/div>\r\n\t\t\t\t\t\t\t\t\t<\/div>\r\n\t\t\t\t\t\t\t\t<\/div>\r\n\t\t\t\t\t\t\t\t\t\t\t\t\t\t\t\t\t<div class=\"col-12 col-lg-5\">\r\n\t\t\t\t\t\t\t\t\t\t<div class=\"b-tabs_txt bg-cw spc-2\">\r\n\t\t\t\t\t\t\t\t\t\t\t<div class=\"editor\"><h3 id=\"profil-recherche\"><span style=\"color: #082b58;\">Profil recherch\u00e9<\/span><\/h3>\n<p><strong><span style=\"color: #082b58;\"><span style=\"color: #b29242;\">&nbsp;<\/span>\u00c9tudiant(e) de derni\u00e8re ann\u00e9e d\u2019une \u00e9cole de commerce ou d\u2019ing\u00e9nieurs de premier rang.<\/span><\/strong><\/p>\n<p><span style=\"color: #082b58;\"><span style=\"color: #b29242;\">\u25cf <\/span>Une exp\u00e9rience de stage pr\u00e9alable dans un r\u00f4le li\u00e9 aux fusions et acquisitions ou aux services financiers est essentielle (audit, transaction Services, Private Equity, etc.) Connaissance g\u00e9n\u00e9rale de la comptabilit\u00e9 et de la finance, ainsi que des principales m\u00e9thodes d\u2019\u00e9valuation, et excellente ma\u00eetrise de MS Office.<\/span><\/p>\n<p><span style=\"color: #082b58;\"><span style=\"color: #b29242;\">\u25cf <\/span>Capacit\u00e9 \u00e0 travailler sous pression et \u00e0 respecter des d\u00e9lais serr\u00e9s.<\/span><\/p>\n<p><span style=\"color: #082b58;\"><span style=\"color: #b29242;\">\u25cf <\/span>Excellentes comp\u00e9tences en communication orale et \u00e9crite. Bilingue fran\u00e7ais\/anglais, une troisi\u00e8me langue europ\u00e9enne bienvenue.<\/span><\/p>\n<p><span style=\"color: #082b58;\"><span style=\"color: #b29242;\">\u25cf <\/span>Proactif, d\u00e9sireux d\u2019apprendre, ind\u00e9pendant et attach\u00e9 \u00e0 l\u2019excellence.<\/span><\/p>\n<p><a class=\"c-editor_btn btn-c2\" href=\"https:\/\/www.chamiandco.com\/fr\/contact\/\">Postulez<\/a><\/p>\n<\/div>\r\n\t\t\t\t\t\t\t\t\t\t<\/div>\r\n\t\t\t\t\t\t\t\t\t<\/div>\r\n\t\t\t\t\t\t\t\t\t\t\t\t\t\t\t<\/div>\r\n\t\t\t\t\t\t\t\t\t\t\t<\/div>\r\n\t\t\t\t\t\t\t\t\t<div class=\"tab-pane fade \" id=\"nav-1-block_8686712d451ff5000ef590e3befb0f9d\">\r\n\t\t\t\t\t\t\t\t\t\t\t\t\t<div class=\"tab-container row gy-4\">\r\n\t\t\t\t\t\t\t\t<div class=\"col-12 col-lg-6\">\r\n\t\t\t\t\t\t\t\t\t<div class=\"b-tabs_txt\">\r\n\t\t\t\t\t\t\t\t\t\t<div class=\"editor\"><div class=\"c-dual c-dual--quotes\">\n<div class=\"c-dual__col\">\n<h3 id=\"nos-opportunites\">Nos opportunit\u00e9s<\/h3>\n<div class=\"c-wysiwyg\">\n<p><strong>Nos analystes sont imm\u00e9diatement impliqu\u00e9s dans les transactions en cours et b\u00e9n\u00e9ficient d\u2019une exposition significative aux clients d\u00e8s le d\u00e9but<\/strong><\/p>\n<p><span style=\"color: #b29242;\">\u25cf <\/span><span style=\"color: #082b58;\">Travaillant en petites \u00e9quipes aux c\u00f4t\u00e9s de banquiers seniors, nos analystes apportent leur soutien \u00e0 un large \u00e9ventail de transactions et b\u00e9n\u00e9ficient d\u2019une exposition significative aux clients d\u00e8s le premier jour.<\/span><\/p>\n<p><span style=\"color: #b29242;\">\u25cf <\/span><span style=\"color: #082b58;\">Nos analystes travaillent en petites \u00e9quipes et se voient confier des responsabilit\u00e9s consid\u00e9rables. Nous investissons dans leur d\u00e9veloppement et comptons sur eux pour g\u00e9rer des projets. Vous feriez mieux de commencer \u00e0 nager, mais nous ne vous laisserons pas couler comme une pierre!<\/span><\/p>\n<p><span style=\"color: #b29242;\">\u25cf <\/span><span style=\"font-size: 16.1114px; color: #082b58;\">Nos analystes participent \u00e0 l\u2019ex\u00e9cution quotidienne des transactions, r\u00e9digent les documents marketing, construisent des mod\u00e8les financiers complexes, effectuent des analyses d\u2019\u00e9valuation, assistent aux r\u00e9unions des clients et facilitent les processus de due diligence.<\/span><\/p>\n<\/div>\n<\/div>\n<\/div>\n<div class=\"c-dual c-dual--align\">\n<div class=\"c-dual__col\">\n<div class=\"c-wysiwyg\">&nbsp;<\/div>\n<\/div>\n<\/div>\n<\/div>\r\n\t\t\t\t\t\t\t\t\t<\/div>\r\n\t\t\t\t\t\t\t\t<\/div>\r\n\t\t\t\t\t\t\t\t\t\t\t\t\t\t\t\t\t<div class=\"col-12 col-lg-5\">\r\n\t\t\t\t\t\t\t\t\t\t<div class=\"b-tabs_txt bg-cw spc-2\">\r\n\t\t\t\t\t\t\t\t\t\t\t<div class=\"editor\"><h3 id=\"profil-recherche\">Profil recherch\u00e9<\/h3>\n<p><span style=\"color: #b29242;\">\u25cf <\/span><span style=\"color: #082b58;\">Formation universitaire solide et une exp\u00e9rience av\u00e9r\u00e9e de l\u2019ex\u00e9cution de transactions au sein d\u2019un cabinet de fusions et acquisitions de premier plan<\/span><\/p>\n<p><span style=\"color: #b29242;\">\u25cf <\/span><span style=\"color: #082b58;\">Excellentes comp\u00e9tences analytiques. Cr\u00e9ativit\u00e9 combin\u00e9e \u00e0 un esprit critique et \u00e0 un grand souci du d\u00e9tail. Grande organisation, esprit d\u2019\u00e9quipe et proactivit\u00e9.<\/span><\/p>\n<p><span style=\"color: #b29242;\">\u25cf <\/span><span style=\"color: #082b58;\">Exp\u00e9rience dans l\u2019analyse d\u2019\u00e9tats financiers, l\u2019\u00e9laboration de mod\u00e8les financiers et d\u2019\u00e9valuations, et la cr\u00e9ation de projections financi\u00e8res.<\/span><\/p>\n<p><span style=\"color: #b29242;\">\u25cf <\/span><span style=\"color: #082b58;\">Forte capacit\u00e9 \u00e0 travailler de mani\u00e8re ind\u00e9pendante et \u00e0 assumer des responsabilit\u00e9s.<\/span><\/p>\n<p><span style=\"color: #b29242;\">\u25cf <\/span><span style=\"color: #082b58;\">Excellentes comp\u00e9tences en communication orale et \u00e9crite. Bilingue fran\u00e7ais\/anglais, une troisi\u00e8me langue europ\u00e9enne bienvenue.<\/span><\/p>\n<p><a class=\"c-editor_btn btn-c2\" href=\"https:\/\/www.chamiandco.com\/fr\/contact\/\">Postulez<\/a><\/p>\n<\/div>\r\n\t\t\t\t\t\t\t\t\t\t<\/div>\r\n\t\t\t\t\t\t\t\t\t<\/div>\r\n\t\t\t\t\t\t\t\t\t\t\t\t\t\t\t<\/div>\r\n\t\t\t\t\t\t\t\t\t\t\t<\/div>\r\n\t\t\t\t\t\t\t\t\t<div class=\"tab-pane fade \" id=\"nav-2-block_8686712d451ff5000ef590e3befb0f9d\">\r\n\t\t\t\t\t\t\t\t\t\t\t\t\t<div class=\"tab-container row gy-4\">\r\n\t\t\t\t\t\t\t\t<div class=\"col-12 col-lg-6\">\r\n\t\t\t\t\t\t\t\t\t<div class=\"b-tabs_txt\">\r\n\t\t\t\t\t\t\t\t\t\t<div class=\"editor\"><div class=\"c-dual c-dual--quotes\">\n<div class=\"c-dual__col\">\n<h3 id=\"nos-opportunites\">Nos opportunit\u00e9s<\/h3>\n<div class=\"c-wysiwyg\">\n<p><strong>Nous sommes toujours \u00e0 la recherche de personnes exceptionnelles, \u00e0 tous les niveaux de responsabilit\u00e9, qui peuvent contribuer \u00e0 la croissance de l\u2019entreprise<\/strong><\/p>\n<p><span style=\"color: #b29242;\">\u25cf <\/span><span style=\"color: #082b58;\">Nous recherchons des personnes \u00e0 l\u2019esprit entrepreneurial et qui appr\u00e9cient l\u2019opportunit\u00e9 de travailler dans une organisation l\u00e9g\u00e8re o\u00f9 elles peuvent librement apporter des id\u00e9es strat\u00e9giques et participer au d\u00e9veloppement du cabinet.<\/span><\/p>\n<p><span style=\"color: #b29242;\">\u25cf <\/span><span style=\"color: #082b58;\">Nos seniors travaillent en \u00e9troite collaboration avec les partenaires pour saisir de nouvelles opportunit\u00e9s commerciales et \u00e9tablir des relations avec les clients existants et potentiels.<\/span><\/p>\n<p><span style=\"color: #b29242;\">\u25cf <\/span><span style=\"color: #082b58;\">Nous exposons nos professionnels \u00e0 des responsabilit\u00e9s exceptionnelles, au-del\u00e0 des r\u00f4les habituels, afin d\u2019acc\u00e9l\u00e9rer le d\u00e9veloppement de leur carri\u00e8re et de leur donner la possibilit\u00e9 de devenir des partenaires de l\u2019organisation au fil du temps.<\/span><\/p>\n<\/div>\n<\/div>\n<\/div>\n<\/div>\r\n\t\t\t\t\t\t\t\t\t<\/div>\r\n\t\t\t\t\t\t\t\t<\/div>\r\n\t\t\t\t\t\t\t\t\t\t\t\t\t\t\t\t\t<div class=\"col-12 col-lg-5\">\r\n\t\t\t\t\t\t\t\t\t\t<div class=\"b-tabs_txt bg-cw spc-2\">\r\n\t\t\t\t\t\t\t\t\t\t\t<div class=\"editor\"><h3 id=\"profil-recherche\">Profil recherch\u00e9<\/h3>\n<p><span style=\"color: #b29242;\">\u25cf <\/span><span style=\"color: #082b58;\">Capacit\u00e9 \u00e0 travailler dans un environnement all\u00e9g\u00e9 qui valorise l\u2019initiative, la cr\u00e9ativit\u00e9, l\u2019int\u00e9grit\u00e9 et l\u2019engagement<\/span><\/p>\n<p><span style=\"color: #b29242;\">\u25cf <\/span><span style=\"color: #082b58;\">Une solide exp\u00e9rience de l\u2019ex\u00e9cution d\u2019op\u00e9rations de fusion et d\u2019acquisition et\/ou de financement, de pr\u00e9f\u00e9rence dans des contextes de march\u00e9 interm\u00e9diaire et transfrontaliers.<\/span><\/p>\n<p><span style=\"color: #b29242;\">\u25cf <\/span><span style=\"color: #082b58;\">De solides connaissances quantitatives et comp\u00e9tences analytiques. Excellente connaissance de la finance, de la comptabilit\u00e9 et de la mod\u00e9lisation, et bon sens des affaires.<\/span><\/p>\n<p><span style=\"color: #b29242;\">\u25cf <\/span><span style=\"color: #082b58;\">Capacit\u00e9 \u00e0 entrer en contact avec des clients potentiels avec confiance et \u00e0 diriger des r\u00e9unions et des processus de transaction. Exp\u00e9rience r\u00e9ussie dans la gestion d\u2019\u00e9quipes.<\/span><\/p>\n<p><a class=\"c-editor_btn btn-c2\" href=\"https:\/\/www.chamiandco.com\/fr\/contact\/\">Postulez<\/a><\/p>\n<\/div>\r\n\t\t\t\t\t\t\t\t\t\t<\/div>\r\n\t\t\t\t\t\t\t\t\t<\/div>\r\n\t\t\t\t\t\t\t\t\t\t\t\t\t\t\t<\/div>\r\n\t\t\t\t\t\t\t\t\t\t\t<\/div>\r\n\t\t\t\t\t\t\t<\/div>\r\n\t\t<\/div>\r\n\t<\/section>\r\n\r\n","protected":false},"excerpt":{"rendered":"","protected":false},"author":3,"featured_media":2564,"parent":0,"menu_order":0,"comment_status":"closed","ping_status":"closed","template":"","meta":{"_acf_changed":false,"inline_featured_image":false,"footnotes":""},"tag-page":[],"class_list":["post-2137","page","type-page","status-publish","has-post-thumbnail","hentry"],"acf":[],"yoast_head":"<!-- This site is optimized with the Yoast SEO plugin v27.3 - https:\/\/yoast.com\/product\/yoast-seo-wordpress\/ -->\n<title>Chami &amp; Co<\/title>\n<meta name=\"robots\" content=\"index, follow, max-snippet:-1, max-image-preview:large, max-video-preview:-1\" \/>\n<link rel=\"canonical\" href=\"https:\/\/www.chamiandco.com\/fr\/carriere\/\" \/>\n<meta property=\"og:locale\" content=\"fr_FR\" \/>\n<meta property=\"og:type\" content=\"article\" \/>\n<meta property=\"og:title\" content=\"Carri\u00e8re - Chami &amp; Co\" \/>\n<meta property=\"og:url\" content=\"https:\/\/www.chamiandco.com\/fr\/carriere\/\" \/>\n<meta property=\"og:site_name\" content=\"Chami &amp; Co\" \/>\n<meta property=\"article:modified_time\" content=\"2025-09-16T08:26:10+00:00\" \/>\n<meta property=\"og:image\" content=\"https:\/\/www.chamiandco.com\/wp-content\/uploads\/2023\/06\/hero-career.jpg\" \/>\n\t<meta property=\"og:image:width\" content=\"1980\" \/>\n\t<meta property=\"og:image:height\" content=\"850\" \/>\n\t<meta property=\"og:image:type\" content=\"image\/jpeg\" \/>\n<meta name=\"twitter:card\" content=\"summary_large_image\" \/>\n<script type=\"application\/ld+json\" class=\"yoast-schema-graph\">{\"@context\":\"https:\\\/\\\/schema.org\",\"@graph\":[{\"@type\":\"WebPage\",\"@id\":\"https:\\\/\\\/www.chamiandco.com\\\/fr\\\/carriere\\\/\",\"url\":\"https:\\\/\\\/www.chamiandco.com\\\/fr\\\/carriere\\\/\",\"name\":\"Carri\u00e8re - Chami &amp; Co\",\"isPartOf\":{\"@id\":\"https:\\\/\\\/www.chamiandco.com\\\/fr\\\/#website\"},\"primaryImageOfPage\":{\"@id\":\"https:\\\/\\\/www.chamiandco.com\\\/fr\\\/carriere\\\/#primaryimage\"},\"image\":{\"@id\":\"https:\\\/\\\/www.chamiandco.com\\\/fr\\\/carriere\\\/#primaryimage\"},\"thumbnailUrl\":\"https:\\\/\\\/www.chamiandco.com\\\/wp-content\\\/uploads\\\/2023\\\/06\\\/hero-career.jpg\",\"datePublished\":\"2023-04-24T08:42:58+00:00\",\"dateModified\":\"2025-09-16T08:26:10+00:00\",\"breadcrumb\":{\"@id\":\"https:\\\/\\\/www.chamiandco.com\\\/fr\\\/carriere\\\/#breadcrumb\"},\"inLanguage\":\"fr-FR\",\"potentialAction\":[{\"@type\":\"ReadAction\",\"target\":[\"https:\\\/\\\/www.chamiandco.com\\\/fr\\\/carriere\\\/\"]}]},{\"@type\":\"ImageObject\",\"inLanguage\":\"fr-FR\",\"@id\":\"https:\\\/\\\/www.chamiandco.com\\\/fr\\\/carriere\\\/#primaryimage\",\"url\":\"https:\\\/\\\/www.chamiandco.com\\\/wp-content\\\/uploads\\\/2023\\\/06\\\/hero-career.jpg\",\"contentUrl\":\"https:\\\/\\\/www.chamiandco.com\\\/wp-content\\\/uploads\\\/2023\\\/06\\\/hero-career.jpg\",\"width\":1980,\"height\":850},{\"@type\":\"BreadcrumbList\",\"@id\":\"https:\\\/\\\/www.chamiandco.com\\\/fr\\\/carriere\\\/#breadcrumb\",\"itemListElement\":[{\"@type\":\"ListItem\",\"position\":1,\"name\":\"Accueil\",\"item\":\"https:\\\/\\\/www.chamiandco.com\\\/fr\\\/\"},{\"@type\":\"ListItem\",\"position\":2,\"name\":\"Carri\u00e8re\"}]},{\"@type\":\"WebSite\",\"@id\":\"https:\\\/\\\/www.chamiandco.com\\\/fr\\\/#website\",\"url\":\"https:\\\/\\\/www.chamiandco.com\\\/fr\\\/\",\"name\":\"Chami & Co\",\"description\":\"Conseil et financement d&#039;entreprises \u00e0 Paris\",\"potentialAction\":[{\"@type\":\"SearchAction\",\"target\":{\"@type\":\"EntryPoint\",\"urlTemplate\":\"https:\\\/\\\/www.chamiandco.com\\\/fr\\\/?s={search_term_string}\"},\"query-input\":{\"@type\":\"PropertyValueSpecification\",\"valueRequired\":true,\"valueName\":\"search_term_string\"}}],\"inLanguage\":\"fr-FR\"}]}<\/script>\n<!-- \/ Yoast SEO plugin. -->","yoast_head_json":{"title":"Chami &amp; Co","robots":{"index":"index","follow":"follow","max-snippet":"max-snippet:-1","max-image-preview":"max-image-preview:large","max-video-preview":"max-video-preview:-1"},"canonical":"https:\/\/www.chamiandco.com\/fr\/carriere\/","og_locale":"fr_FR","og_type":"article","og_title":"Carri\u00e8re - Chami &amp; Co","og_url":"https:\/\/www.chamiandco.com\/fr\/carriere\/","og_site_name":"Chami &amp; Co","article_modified_time":"2025-09-16T08:26:10+00:00","og_image":[{"width":1980,"height":850,"url":"https:\/\/www.chamiandco.com\/wp-content\/uploads\/2023\/06\/hero-career.jpg","type":"image\/jpeg"}],"twitter_card":"summary_large_image","schema":{"@context":"https:\/\/schema.org","@graph":[{"@type":"WebPage","@id":"https:\/\/www.chamiandco.com\/fr\/carriere\/","url":"https:\/\/www.chamiandco.com\/fr\/carriere\/","name":"Carri\u00e8re - Chami &amp; Co","isPartOf":{"@id":"https:\/\/www.chamiandco.com\/fr\/#website"},"primaryImageOfPage":{"@id":"https:\/\/www.chamiandco.com\/fr\/carriere\/#primaryimage"},"image":{"@id":"https:\/\/www.chamiandco.com\/fr\/carriere\/#primaryimage"},"thumbnailUrl":"https:\/\/www.chamiandco.com\/wp-content\/uploads\/2023\/06\/hero-career.jpg","datePublished":"2023-04-24T08:42:58+00:00","dateModified":"2025-09-16T08:26:10+00:00","breadcrumb":{"@id":"https:\/\/www.chamiandco.com\/fr\/carriere\/#breadcrumb"},"inLanguage":"fr-FR","potentialAction":[{"@type":"ReadAction","target":["https:\/\/www.chamiandco.com\/fr\/carriere\/"]}]},{"@type":"ImageObject","inLanguage":"fr-FR","@id":"https:\/\/www.chamiandco.com\/fr\/carriere\/#primaryimage","url":"https:\/\/www.chamiandco.com\/wp-content\/uploads\/2023\/06\/hero-career.jpg","contentUrl":"https:\/\/www.chamiandco.com\/wp-content\/uploads\/2023\/06\/hero-career.jpg","width":1980,"height":850},{"@type":"BreadcrumbList","@id":"https:\/\/www.chamiandco.com\/fr\/carriere\/#breadcrumb","itemListElement":[{"@type":"ListItem","position":1,"name":"Accueil","item":"https:\/\/www.chamiandco.com\/fr\/"},{"@type":"ListItem","position":2,"name":"Carri\u00e8re"}]},{"@type":"WebSite","@id":"https:\/\/www.chamiandco.com\/fr\/#website","url":"https:\/\/www.chamiandco.com\/fr\/","name":"Chami & Co","description":"Conseil et financement d&#039;entreprises \u00e0 Paris","potentialAction":[{"@type":"SearchAction","target":{"@type":"EntryPoint","urlTemplate":"https:\/\/www.chamiandco.com\/fr\/?s={search_term_string}"},"query-input":{"@type":"PropertyValueSpecification","valueRequired":true,"valueName":"search_term_string"}}],"inLanguage":"fr-FR"}]}},"_links":{"self":[{"href":"https:\/\/www.chamiandco.com\/fr\/wp-json\/wp\/v2\/pages\/2137","targetHints":{"allow":["GET"]}}],"collection":[{"href":"https:\/\/www.chamiandco.com\/fr\/wp-json\/wp\/v2\/pages"}],"about":[{"href":"https:\/\/www.chamiandco.com\/fr\/wp-json\/wp\/v2\/types\/page"}],"author":[{"embeddable":true,"href":"https:\/\/www.chamiandco.com\/fr\/wp-json\/wp\/v2\/users\/3"}],"replies":[{"embeddable":true,"href":"https:\/\/www.chamiandco.com\/fr\/wp-json\/wp\/v2\/comments?post=2137"}],"version-history":[{"count":4,"href":"https:\/\/www.chamiandco.com\/fr\/wp-json\/wp\/v2\/pages\/2137\/revisions"}],"predecessor-version":[{"id":3380,"href":"https:\/\/www.chamiandco.com\/fr\/wp-json\/wp\/v2\/pages\/2137\/revisions\/3380"}],"wp:featuredmedia":[{"embeddable":true,"href":"https:\/\/www.chamiandco.com\/fr\/wp-json\/wp\/v2\/media\/2564"}],"wp:attachment":[{"href":"https:\/\/www.chamiandco.com\/fr\/wp-json\/wp\/v2\/media?parent=2137"}],"wp:term":[{"taxonomy":"tag-page","embeddable":true,"href":"https:\/\/www.chamiandco.com\/fr\/wp-json\/wp\/v2\/tag-page?post=2137"}],"curies":[{"name":"wp","href":"https:\/\/api.w.org\/{rel}","templated":true}]}}