
{"id":3,"date":"2023-03-07T10:10:32","date_gmt":"2023-03-07T09:10:32","guid":{"rendered":"https:\/\/www.chamiandco.com\/?page_id=3"},"modified":"2023-06-19T16:08:21","modified_gmt":"2023-06-19T14:08:21","slug":"politique-de-confidentialite","status":"publish","type":"page","link":"https:\/\/www.chamiandco.com\/fr\/politique-de-confidentialite\/","title":{"rendered":"Politique de confidentialit\u00e9"},"content":{"rendered":"\r\n\r\n<section class=\"b-hero-sm bg-c1\" id='block_641ef8b9e3ee61344c346527393c50d3'>\r\n\t<div class=\"container\" data-aos=\"fade\">\r\n\t\t<div class=\"b-hero-sm_wrp spc-y5\">\r\n\t\t\t<header class=\"b-hero-sm_header spc-y2\">\r\n\t\t\t\t<h1 class=\"b-hero-sm_ttl\" data-aos=\"fade-right\" data-aos-delay='50' class=\"b-hero-sm_ttl\" data-aos=\"fade-right\" data-aos-delay='50' id=\"politique-de-confidentialite\">Politique de confidentialit\u00e9<\/h1>\r\n\t\t\t\t\t\t\t<\/header>\r\n\t\t<\/div>\r\n\t<\/div>\r\n\t\t\t<figure class=\"b-hero-sm_figure bg-wrp flt flt-g2\" data-aos=\"fade\">\r\n\t\t\t<img decoding=\"async\" class='b-hero-sm_med prlx' loading='lazy' alt=\"politique-de-confidentialite\" src=\"https:\/\/www.chamiandco.com\/wp-content\/uploads\/2023\/06\/shutterstock_691685071@2x-1-1.jpg\" width=\"100%\" height=\"100%\" srcset=\"https:\/\/www.chamiandco.com\/wp-content\/uploads\/2023\/06\/shutterstock_691685071@2x-1-1.jpg 1920w, https:\/\/www.chamiandco.com\/wp-content\/uploads\/2023\/06\/shutterstock_691685071@2x-1-1-768x362.jpg 768w, https:\/\/www.chamiandco.com\/wp-content\/uploads\/2023\/06\/shutterstock_691685071@2x-1-1-1024x483.jpg 1024w, https:\/\/www.chamiandco.com\/wp-content\/uploads\/2023\/06\/shutterstock_691685071@2x-1-1-1536x724.jpg 1536w\" sizes=\"(max-width: 1920px) 100vw, 1920px\">\t\t<\/figure>\r\n\t<\/section>\r\n<section class=\"b-breadcrumb\" data-aos=\"fade\">\r\n\t<div class=\"container\"><ul class=\"g-crumb\"><\/span><li class='g-crumb_item'><a class=\"g-crumb_link\" href=\"https:\/\/www.chamiandco.com\/fr\/\" >Accueil<\/a><\/li><\/span><\/ul><\/div>\r\n<\/section>\r\n\r\n\n\n\r\n\r\n<section class=\"b-tinymce spc-y5 bg-cw column1\" id='block_eff97eb698fd4b0a6ba483b1e8f06f76' data-aos=\"fade\">\r\n\t<div class=\"container\" data-aos=\"fade-up\">\r\n\t\t\r\n\t\t\t\r\n\t\t\t<div class=\"row\">\r\n\t\t\t\t<div class=\"col-9\">\r\n\t\t\t\t\t<div class=\"b-tinymce_txt editor\"><h1 id=\"1-general\">1. G\u00c9N\u00c9RAL<\/h2>\n<div>Ce qui suit donne un aper\u00e7u simple de ce qu&rsquo;il advient de vos informations personnelles lorsque vous visitez notre site Web. Les informations personnelles sont toutes les donn\u00e9es avec lesquelles vous pourriez \u00eatre personnellement identifi\u00e9. Des informations d\u00e9taill\u00e9es sur le sujet de la protection des donn\u00e9es peuvent \u00eatre trouv\u00e9es dans notre politique de confidentialit\u00e9 ci-dessous.<\/div>\n<div>Collecte de donn\u00e9es sur notre site Web<\/div>\n<h3 id=\"qui-est-responsable-de-la-collecte-des-donnees-sur-ce-site-web\">Qui est responsable de la collecte des donn\u00e9es sur ce site Web ?<\/h3>\n<div>Les donn\u00e9es collect\u00e9es sur ce site Web sont trait\u00e9es par l&rsquo;exploitant du site Web. Les coordonn\u00e9es de l&rsquo;op\u00e9rateur se trouvent dans les mentions l\u00e9gales obligatoires du site.<\/div>\n<h3 id=\"comment-collectons-nous-vos-donnees\">Comment collectons-nous vos donn\u00e9es ?<\/h3>\n<div>Certaines donn\u00e9es sont collect\u00e9es lorsque vous nous les fournissez. Il peut s&rsquo;agir, par exemple, de donn\u00e9es que vous saisissez dans un formulaire de contact.<\/div>\n<div>D&rsquo;autres donn\u00e9es sont collect\u00e9es automatiquement par nos syst\u00e8mes informatiques lorsque vous visitez le site Web. Ces donn\u00e9es sont principalement des donn\u00e9es techniques telles que le navigateur et le syst\u00e8me d&rsquo;exploitation que vous utilisez ou le moment o\u00f9 vous avez acc\u00e9d\u00e9 \u00e0 la page. Ces donn\u00e9es sont collect\u00e9es automatiquement d\u00e8s que vous acc\u00e9dez \u00e0 notre site Web.<\/div>\n<h3 id=\"dans-quel-but-utilisons-nous-vos-donnees\">Dans quel but utilisons-nous vos donn\u00e9es ?<\/h3>\n<div>Une partie des donn\u00e9es est collect\u00e9e pour assurer le bon fonctionnement du site. D&rsquo;autres donn\u00e9es peuvent \u00eatre utilis\u00e9es pour analyser la fa\u00e7on dont les visiteurs utilisent le site.<\/div>\n<h3 id=\"quels-droits-avez-vous-concernant-vos-donnees\">Quels droits avez-vous concernant vos donn\u00e9es ?<\/h3>\n<div>ous avez toujours le droit de demander gratuitement des informations sur vos donn\u00e9es stock\u00e9es, leur origine, leurs destinataires et le but de leur collecte. Vous avez \u00e9galement le droit de demander qu&rsquo;il soit corrig\u00e9, bloqu\u00e9 ou supprim\u00e9. Vous pouvez nous contacter \u00e0 tout moment en utilisant l&rsquo;adresse indiqu\u00e9e dans les mentions l\u00e9gales si vous avez d&rsquo;autres questions sur la question de la confidentialit\u00e9 et de la protection des donn\u00e9es. Vous pouvez \u00e9galement, bien entendu, d\u00e9poser une plainte aupr\u00e8s des autorit\u00e9s de r\u00e9gulation comp\u00e9tentes.<\/div>\n<h3 id=\"analyses-et-outils-tiers\">Analyses et outils tiers<\/h3>\n<div>Lors de la visite de notre site Web, des analyses statistiques peuvent \u00eatre effectu\u00e9es sur votre comportement de navigation. Cela se produit principalement \u00e0 l&rsquo;aide de cookies et d&rsquo;analyses. L&rsquo;analyse de votre comportement de navigation est g\u00e9n\u00e9ralement anonyme, c&rsquo;est-\u00e0-dire que nous ne pourrons pas vous identifier \u00e0 partir de ces donn\u00e9es. Vous pouvez vous opposer \u00e0 cette analyse ou l&#8217;emp\u00eacher en n&rsquo;utilisant pas certains outils. Les d\u00e9tails peuvent \u00eatre trouv\u00e9s dans notre politique de confidentialit\u00e9 sous la rubrique \u00ab Modules et analyses tiers. \u00bb<\/div>\n<div>Vous pouvez vous opposer \u00e0 cette analyse. Nous vous informerons ci-apr\u00e8s de la mani\u00e8re d&rsquo;exercer vos options \u00e0 cet \u00e9gard.<\/div>\n<h2 id=\"2-informations-generales-et-obligatoires\">2. INFORMATIONS G\u00c9N\u00c9RALES ET OBLIGATOIRES<\/h2>\n<h3 id=\"protection-des-donnees\">Protection des donn\u00e9es<\/h3>\n<div>Les exploitants de ce site Web prennent tr\u00e8s au s\u00e9rieux la protection de vos donn\u00e9es personnelles. Nous traitons vos donn\u00e9es personnelles de mani\u00e8re confidentielle et conform\u00e9ment aux r\u00e9glementations l\u00e9gales en mati\u00e8re de protection des donn\u00e9es et \u00e0 la pr\u00e9sente politique de confidentialit\u00e9.<\/div>\n<div>Si vous utilisez ce site Web, diverses donn\u00e9es personnelles seront collect\u00e9es. Les informations personnelles sont toutes les donn\u00e9es avec lesquelles vous pourriez \u00eatre personnellement identifi\u00e9. Cette politique de confidentialit\u00e9 explique quelles informations nous collectons et pourquoi nous les utilisons. Il explique \u00e9galement comment et dans quel but cela se produit.<\/div>\n<div>Veuillez noter que les donn\u00e9es transmises via Internet (par exemple via la communication par e-mail) peuvent \u00eatre sujettes \u00e0 des failles de s\u00e9curit\u00e9. Une protection compl\u00e8te de vos donn\u00e9es contre l&rsquo;acc\u00e8s de tiers n&rsquo;est pas possible.<\/div>\n<div>Avis concernant la partie responsable de ce site Web<\/div>\n<div>Le responsable du traitement des donn\u00e9es sur ce site Web est :<\/div>\n<div style=\"padding-left: 40px;\"><strong>Chami &amp; Co<br \/>\n<\/strong><strong>25 rue Fran\u00e7ois 1er, 75008, Paris<br \/>\n<\/strong><strong>+33 (0) 1 87 44 20 40<br \/>\n<\/strong><strong>privacy@chamiandco.com<\/strong><\/div>\n<div>&nbsp;<\/div>\n<div>Le responsable est la personne physique ou morale qui, seule ou conjointement avec d&rsquo;autres, d\u00e9cide des finalit\u00e9s et des moyens du traitement des donn\u00e9es personnelles (noms, adresses e-mail, etc.).<\/div>\n<h3 id=\"revocation-de-votre-consentement-au-traitement-de-vos-donnees\">R\u00e9vocation de votre consentement au traitement de vos donn\u00e9es<\/h3>\n<div>De nombreuses op\u00e9rations de traitement de donn\u00e9es ne sont possibles qu&rsquo;avec votre consentement expr\u00e8s. Vous pouvez r\u00e9voquer votre consentement \u00e0 tout moment avec effet futur. Un e-mail informel faisant cette demande est suffisant. Les donn\u00e9es trait\u00e9es avant que nous recevions votre demande peuvent toujours \u00eatre l\u00e9galement trait\u00e9es.<\/div>\n<h3 id=\"droit-a-la-portabilite-des-donnees\">Droit \u00e0 la portabilit\u00e9 des donn\u00e9es<\/h3>\n<div>Vous avez le droit d&rsquo;obtenir que les donn\u00e9es que nous traitons sur la base de votre consentement ou en ex\u00e9cution d&rsquo;un contrat soient automatiquement livr\u00e9es \u00e0 vous-m\u00eame ou \u00e0 un tiers dans un format standard lisible par machine. Si vous exigez le transfert direct de donn\u00e9es \u00e0 un autre responsable, cela ne sera fait que dans la mesure o\u00f9 cela est techniquement possible.<\/div>\n<h3 id=\"cryptage-ssl-ou-tls\">Cryptage SSL ou TLS<\/h3>\n<div>Ce site utilise le cryptage SSL ou TLS pour des raisons de s\u00e9curit\u00e9 et pour la protection de la transmission de contenus confidentiels, tels que les demandes que vous nous envoyez en tant qu&rsquo;op\u00e9rateur du site. Vous pouvez reconna\u00eetre une connexion crypt\u00e9e dans la barre d&rsquo;adresse de votre navigateur lorsqu&rsquo;elle passe de \u00ab http:\/\/ \u00bb \u00e0 \u00ab https:\/\/ \u00bb et que l&rsquo;ic\u00f4ne du cadenas s&rsquo;affiche dans la barre d&rsquo;adresse de votre navigateur.<\/div>\n<div>Si le cryptage SSL ou TLS est activ\u00e9, les donn\u00e9es que vous nous transf\u00e9rez ne peuvent pas \u00eatre lues par des tiers.<\/div>\n<h3 id=\"information-blocage-suppression\">Information, blocage, suppression<\/h3>\n<div>Conform\u00e9ment \u00e0 la loi, vous avez le droit d&rsquo;obtenir \u00e0 tout moment et gratuitement des informations sur vos donn\u00e9es personnelles stock\u00e9es ainsi que sur leur origine, le destinataire et la finalit\u00e9 pour laquelle elles ont \u00e9t\u00e9 stock\u00e9es. trait\u00e9. Vous avez \u00e9galement le droit de faire rectifier, bloquer ou supprimer ces donn\u00e9es. Vous pouvez nous contacter \u00e0 tout moment en utilisant l&rsquo;adresse indiqu\u00e9e dans nos mentions l\u00e9gales si vous avez d&rsquo;autres questions sur le th\u00e8me des donn\u00e9es personnelles.<\/div>\n<h3 id=\"opposition-aux-e-mails-promotionnels\">Opposition aux e-mails promotionnels<\/h3>\n<div>Nous interdisons express\u00e9ment l&rsquo;utilisation des donn\u00e9es de contact publi\u00e9es dans le cadre des mentions l\u00e9gales du site pour l&rsquo;envoi de mat\u00e9riel promotionnel et informatif non express\u00e9ment demand\u00e9. L&rsquo;exploitant du site Web se r\u00e9serve le droit d&rsquo;engager des poursuites judiciaires sp\u00e9cifiques en cas de r\u00e9ception de mat\u00e9riel publicitaire non sollicit\u00e9, tel que des spams par e-mail.<\/div>\n<h2 id=\"3-delegue-a-la-protection-des-donnees\">3. D\u00c9L\u00c9GU\u00c9 \u00c0 LA PROTECTION DES DONN\u00c9ES<\/h2>\n<div>D\u00e9l\u00e9gu\u00e9 statutaire \u00e0 la protection des donn\u00e9es:<\/div>\n<div style=\"padding-left: 40px;\"><strong>Chami &amp; Co<br \/>\n<\/strong><strong>25 rue Fran\u00e7ois 1er, 75008, Paris<br \/>\n<\/strong><strong>+33 (0) 1 87 44 20 40<br \/>\n<\/strong><strong>privacy@chamiandco.com<\/strong><\/div>\n<h2 id=\"4-collecte-de-donnees-sur-notre-site-web\">4. COLLECTE DE DONN\u00c9ES SUR NOTRE SITE WEB<\/h2>\n<h3 id=\"cookies\">Cookies<\/h3>\n<div>Certaines de nos pages Web utilisent des cookies. Les cookies n&rsquo;endommagent pas votre ordinateur et ne contiennent aucun virus. Les cookies contribuent \u00e0 rendre notre site Web plus convivial, efficace et s\u00e9curis\u00e9. Les cookies sont de petits fichiers texte qui sont stock\u00e9s sur votre ordinateur et enregistr\u00e9s par votre navigateur.<\/div>\n<div>&nbsp;<\/div>\n<div>La plupart des cookies que nous utilisons sont des \u00ab cookies de session \u00bb. \u00bb Ils sont automatiquement supprim\u00e9s apr\u00e8s votre visite. D&rsquo;autres cookies restent dans la m\u00e9moire de votre appareil jusqu&rsquo;\u00e0 ce que vous les supprimiez. Ces cookies permettent de reconna\u00eetre votre navigateur lors de votre prochaine visite sur le site.<\/div>\n<div>&nbsp;<\/div>\n<div>Vous pouvez configurer votre navigateur pour vous informer de l&rsquo;utilisation des cookies afin que vous puissiez d\u00e9cider au cas par cas d&rsquo;accepter ou de refuser un cookie. Alternativement, votre navigateur peut \u00eatre configur\u00e9 pour accepter automatiquement les cookies sous certaines conditions ou pour toujours les refuser, ou pour supprimer automatiquement les cookies \u00e0 la fermeture de votre navigateur. La d\u00e9sactivation des cookies peut limiter la fonctionnalit\u00e9 de ce site Web.<\/div>\n<div>&nbsp;<\/div>\n<div>Les cookies n\u00e9cessaires pour permettre les communications \u00e9lectroniques ou pour fournir certaines fonctions que vous souhaitez utiliser (comme le panier d&rsquo;achat) sont stock\u00e9s conform\u00e9ment \u00e0 l&rsquo;art. 6 paragraphe 1, lettre f de DSGVO. L&rsquo;exploitant du site Web a un int\u00e9r\u00eat l\u00e9gitime au stockage des cookies pour assurer un service optimis\u00e9 fourni sans erreurs techniques. Si d&rsquo;autres cookies (tels que ceux utilis\u00e9s pour analyser votre comportement de navigation) sont \u00e9galement stock\u00e9s, ils seront trait\u00e9s s\u00e9par\u00e9ment dans cette politique de confidentialit\u00e9.<\/div>\n<h3 id=\"fichiers-journaux-du-serveur\">Fichiers journaux du serveur<\/h3>\n<div>Le fournisseur du site Web collecte et stocke automatiquement les informations que votre navigateur nous transmet automatiquement dans des \u00ab fichiers journaux du serveur \u00bb. Ce sont :<\/div>\n<ul>\n<li><strong>Type de navigateur et version du navigateur<\/strong><\/li>\n<li><strong>Syst\u00e8me d&rsquo;exploitation utilis\u00e9<\/strong><\/li>\n<li><strong>URL de r\u00e9f\u00e9rence<\/strong><\/li>\n<li><strong>Nom d&rsquo;h\u00f4te de l&rsquo;ordinateur acc\u00e9dant<\/strong><\/li>\n<li><strong>Heure de la demande du serveur<br \/>\n<\/strong><strong>Adresse IP<\/strong><\/li>\n<\/ul>\n<div>Ces donn\u00e9es ne seront pas combin\u00e9es avec des donn\u00e9es provenant d&rsquo;autres sources. La base du traitement des donn\u00e9es est l&rsquo;art. 6 (1) (b) DSGVO, qui permet le traitement de donn\u00e9es pour ex\u00e9cuter un contrat ou pour des mesures pr\u00e9liminaires \u00e0 un contrat.<\/div>\n<h3 id=\"traitement-des-donnees-donnees-client-et-contractuelles\">Traitement des donn\u00e9es (donn\u00e9es client et contractuelles)<\/h3>\n<div>Nous collectons, traitons et utilisons des donn\u00e9es personnelles uniquement dans la mesure o\u00f9 cela est n\u00e9cessaire pour \u00e9tablir ou modifier des relations juridiques avec nous (donn\u00e9es de base). Cela se fait sur la base de l&rsquo;art. 6 (1) (b) DSGVO, qui permet le traitement de donn\u00e9es pour ex\u00e9cuter un contrat ou pour des mesures pr\u00e9liminaires \u00e0 un contrat. Nous collectons, traitons et utilisons vos donn\u00e9es personnelles lors de l&rsquo;acc\u00e8s \u00e0 notre site Web (donn\u00e9es d&rsquo;utilisation) uniquement dans la mesure n\u00e9cessaire pour vous permettre d&rsquo;acc\u00e9der \u00e0 notre service ou pour vous facturer celui-ci.<\/div>\n<div>Les donn\u00e9es client collect\u00e9es seront supprim\u00e9es apr\u00e8s l&rsquo;ex\u00e9cution de la commande ou la fin de la relation commerciale. Les d\u00e9lais de conservation l\u00e9gaux restent inchang\u00e9s. Donn\u00e9es transf\u00e9r\u00e9es lors de l&rsquo;inscription \u00e0 des services et contenus num\u00e9riques<\/div>\n<div>&nbsp;<\/div>\n<div>Vos donn\u00e9es ne seront pas transmises \u00e0 d&rsquo;autres fins, sauf si vous avez donn\u00e9 votre autorisation expresse de le faire. Vos donn\u00e9es ne seront pas divulgu\u00e9es \u00e0 des tiers \u00e0 des fins publicitaires sans votre consentement expr\u00e8s.<\/div>\n<div>La base du traitement des donn\u00e9es est l&rsquo;art. 6 (1) (b) DSGVO, qui permet le traitement de donn\u00e9es pour ex\u00e9cuter un contrat ou pour des mesures pr\u00e9liminaires \u00e0 un contrat.<\/div>\n<h3 id=\"stockage-de-ladresse-ip\">Stockage de l&rsquo;adresse IP<\/h3>\n<div>Notre fonction de commentaire stocke les adresses IP des utilisateurs qui publient des commentaires. \u00c9tant donn\u00e9 que nous ne v\u00e9rifions pas les commentaires sur notre site avant leur mise en ligne, nous avons besoin de ces informations pour pouvoir engager des poursuites en cas de contenu ill\u00e9gal ou diffamatoire.<\/div>\n<h3 id=\"base-legale\">Base l\u00e9gale<\/h3>\n<div>Les commentaires sont stock\u00e9s sur la base de votre consentement conform\u00e9ment \u00e0 l&rsquo;art. 6 (1) (a) DSGVO. Vous pouvez r\u00e9voquer votre consentement \u00e0 tout moment avec effet futur. Un e-mail informel faisant cette demande est suffisant. Les donn\u00e9es trait\u00e9es avant que nous recevions votre demande peuvent toujours \u00eatre l\u00e9galement trait\u00e9es.<\/div>\n<\/div>\r\n\t\t\t\t<\/div>\r\n\t\t\t\t\t\t\t<\/div>\r\n\r\n\t<\/div>\r\n<\/section>\r\n\r\n","protected":false},"excerpt":{"rendered":"Curabitur non nulla sit amet nisl tempus convallis quis ac lectus. Curabitur arcu erat, accumsan id imperdiet et, porttitor at sem.","protected":false},"author":1,"featured_media":801,"parent":0,"menu_order":0,"comment_status":"closed","ping_status":"open","template":"","meta":{"_acf_changed":false,"inline_featured_image":false,"footnotes":""},"tag-page":[],"class_list":["post-3","page","type-page","status-publish","has-post-thumbnail","hentry"],"acf":[],"yoast_head":"<!-- This site is optimized with the Yoast SEO plugin v27.3 - https:\/\/yoast.com\/product\/yoast-seo-wordpress\/ -->\n<title>Chami &amp; Co<\/title>\n<meta name=\"robots\" content=\"index, follow, max-snippet:-1, max-image-preview:large, max-video-preview:-1\" \/>\n<link rel=\"canonical\" href=\"https:\/\/www.chamiandco.com\/fr\/politique-de-confidentialite\/\" \/>\n<meta property=\"og:locale\" content=\"fr_FR\" \/>\n<meta property=\"og:type\" content=\"article\" \/>\n<meta property=\"og:title\" content=\"Politique de confidentialit\u00e9 - Chami &amp; Co\" \/>\n<meta property=\"og:description\" content=\"Curabitur non nulla sit amet nisl tempus convallis quis ac lectus. Curabitur arcu erat, accumsan id imperdiet et, porttitor at sem.\" \/>\n<meta property=\"og:url\" content=\"https:\/\/www.chamiandco.com\/fr\/politique-de-confidentialite\/\" \/>\n<meta property=\"og:site_name\" content=\"Chami &amp; Co\" \/>\n<meta property=\"article:modified_time\" content=\"2023-06-19T14:08:21+00:00\" \/>\n<meta property=\"og:image\" content=\"https:\/\/www.chamiandco.com\/wp-content\/uploads\/2023\/03\/hero-04.jpg\" \/>\n\t<meta property=\"og:image:width\" content=\"1980\" \/>\n\t<meta property=\"og:image:height\" content=\"1114\" \/>\n\t<meta property=\"og:image:type\" content=\"image\/jpeg\" \/>\n<meta name=\"twitter:card\" content=\"summary_large_image\" \/>\n<script type=\"application\/ld+json\" class=\"yoast-schema-graph\">{\"@context\":\"https:\\\/\\\/schema.org\",\"@graph\":[{\"@type\":\"WebPage\",\"@id\":\"https:\\\/\\\/www.chamiandco.com\\\/fr\\\/politique-de-confidentialite\\\/\",\"url\":\"https:\\\/\\\/www.chamiandco.com\\\/fr\\\/politique-de-confidentialite\\\/\",\"name\":\"Politique de confidentialit\u00e9 - Chami &amp; Co\",\"isPartOf\":{\"@id\":\"https:\\\/\\\/www.chamiandco.com\\\/fr\\\/#website\"},\"primaryImageOfPage\":{\"@id\":\"https:\\\/\\\/www.chamiandco.com\\\/fr\\\/politique-de-confidentialite\\\/#primaryimage\"},\"image\":{\"@id\":\"https:\\\/\\\/www.chamiandco.com\\\/fr\\\/politique-de-confidentialite\\\/#primaryimage\"},\"thumbnailUrl\":\"https:\\\/\\\/www.chamiandco.com\\\/wp-content\\\/uploads\\\/2023\\\/03\\\/hero-04.jpg\",\"datePublished\":\"2023-03-07T09:10:32+00:00\",\"dateModified\":\"2023-06-19T14:08:21+00:00\",\"description\":\"Curabitur non nulla sit amet nisl tempus convallis quis ac lectus. Curabitur arcu erat, accumsan id imperdiet et, porttitor at sem.\",\"breadcrumb\":{\"@id\":\"https:\\\/\\\/www.chamiandco.com\\\/fr\\\/politique-de-confidentialite\\\/#breadcrumb\"},\"inLanguage\":\"fr-FR\",\"potentialAction\":[{\"@type\":\"ReadAction\",\"target\":[\"https:\\\/\\\/www.chamiandco.com\\\/fr\\\/politique-de-confidentialite\\\/\"]}]},{\"@type\":\"ImageObject\",\"inLanguage\":\"fr-FR\",\"@id\":\"https:\\\/\\\/www.chamiandco.com\\\/fr\\\/politique-de-confidentialite\\\/#primaryimage\",\"url\":\"https:\\\/\\\/www.chamiandco.com\\\/wp-content\\\/uploads\\\/2023\\\/03\\\/hero-04.jpg\",\"contentUrl\":\"https:\\\/\\\/www.chamiandco.com\\\/wp-content\\\/uploads\\\/2023\\\/03\\\/hero-04.jpg\",\"width\":1980,\"height\":1114},{\"@type\":\"BreadcrumbList\",\"@id\":\"https:\\\/\\\/www.chamiandco.com\\\/fr\\\/politique-de-confidentialite\\\/#breadcrumb\",\"itemListElement\":[{\"@type\":\"ListItem\",\"position\":1,\"name\":\"Accueil\",\"item\":\"https:\\\/\\\/www.chamiandco.com\\\/fr\\\/\"},{\"@type\":\"ListItem\",\"position\":2,\"name\":\"Politique de confidentialit\u00e9\"}]},{\"@type\":\"WebSite\",\"@id\":\"https:\\\/\\\/www.chamiandco.com\\\/fr\\\/#website\",\"url\":\"https:\\\/\\\/www.chamiandco.com\\\/fr\\\/\",\"name\":\"Chami & Co\",\"description\":\"Conseil et financement d&#039;entreprises \u00e0 Paris\",\"potentialAction\":[{\"@type\":\"SearchAction\",\"target\":{\"@type\":\"EntryPoint\",\"urlTemplate\":\"https:\\\/\\\/www.chamiandco.com\\\/fr\\\/?s={search_term_string}\"},\"query-input\":{\"@type\":\"PropertyValueSpecification\",\"valueRequired\":true,\"valueName\":\"search_term_string\"}}],\"inLanguage\":\"fr-FR\"}]}<\/script>\n<!-- \/ Yoast SEO plugin. -->","yoast_head_json":{"title":"Chami &amp; Co","robots":{"index":"index","follow":"follow","max-snippet":"max-snippet:-1","max-image-preview":"max-image-preview:large","max-video-preview":"max-video-preview:-1"},"canonical":"https:\/\/www.chamiandco.com\/fr\/politique-de-confidentialite\/","og_locale":"fr_FR","og_type":"article","og_title":"Politique de confidentialit\u00e9 - Chami &amp; Co","og_description":"Curabitur non nulla sit amet nisl tempus convallis quis ac lectus. Curabitur arcu erat, accumsan id imperdiet et, porttitor at sem.","og_url":"https:\/\/www.chamiandco.com\/fr\/politique-de-confidentialite\/","og_site_name":"Chami &amp; Co","article_modified_time":"2023-06-19T14:08:21+00:00","og_image":[{"width":1980,"height":1114,"url":"https:\/\/www.chamiandco.com\/wp-content\/uploads\/2023\/03\/hero-04.jpg","type":"image\/jpeg"}],"twitter_card":"summary_large_image","schema":{"@context":"https:\/\/schema.org","@graph":[{"@type":"WebPage","@id":"https:\/\/www.chamiandco.com\/fr\/politique-de-confidentialite\/","url":"https:\/\/www.chamiandco.com\/fr\/politique-de-confidentialite\/","name":"Politique de confidentialit\u00e9 - Chami &amp; Co","isPartOf":{"@id":"https:\/\/www.chamiandco.com\/fr\/#website"},"primaryImageOfPage":{"@id":"https:\/\/www.chamiandco.com\/fr\/politique-de-confidentialite\/#primaryimage"},"image":{"@id":"https:\/\/www.chamiandco.com\/fr\/politique-de-confidentialite\/#primaryimage"},"thumbnailUrl":"https:\/\/www.chamiandco.com\/wp-content\/uploads\/2023\/03\/hero-04.jpg","datePublished":"2023-03-07T09:10:32+00:00","dateModified":"2023-06-19T14:08:21+00:00","description":"Curabitur non nulla sit amet nisl tempus convallis quis ac lectus. Curabitur arcu erat, accumsan id imperdiet et, porttitor at sem.","breadcrumb":{"@id":"https:\/\/www.chamiandco.com\/fr\/politique-de-confidentialite\/#breadcrumb"},"inLanguage":"fr-FR","potentialAction":[{"@type":"ReadAction","target":["https:\/\/www.chamiandco.com\/fr\/politique-de-confidentialite\/"]}]},{"@type":"ImageObject","inLanguage":"fr-FR","@id":"https:\/\/www.chamiandco.com\/fr\/politique-de-confidentialite\/#primaryimage","url":"https:\/\/www.chamiandco.com\/wp-content\/uploads\/2023\/03\/hero-04.jpg","contentUrl":"https:\/\/www.chamiandco.com\/wp-content\/uploads\/2023\/03\/hero-04.jpg","width":1980,"height":1114},{"@type":"BreadcrumbList","@id":"https:\/\/www.chamiandco.com\/fr\/politique-de-confidentialite\/#breadcrumb","itemListElement":[{"@type":"ListItem","position":1,"name":"Accueil","item":"https:\/\/www.chamiandco.com\/fr\/"},{"@type":"ListItem","position":2,"name":"Politique de confidentialit\u00e9"}]},{"@type":"WebSite","@id":"https:\/\/www.chamiandco.com\/fr\/#website","url":"https:\/\/www.chamiandco.com\/fr\/","name":"Chami & Co","description":"Conseil et financement d&#039;entreprises \u00e0 Paris","potentialAction":[{"@type":"SearchAction","target":{"@type":"EntryPoint","urlTemplate":"https:\/\/www.chamiandco.com\/fr\/?s={search_term_string}"},"query-input":{"@type":"PropertyValueSpecification","valueRequired":true,"valueName":"search_term_string"}}],"inLanguage":"fr-FR"}]}},"_links":{"self":[{"href":"https:\/\/www.chamiandco.com\/fr\/wp-json\/wp\/v2\/pages\/3","targetHints":{"allow":["GET"]}}],"collection":[{"href":"https:\/\/www.chamiandco.com\/fr\/wp-json\/wp\/v2\/pages"}],"about":[{"href":"https:\/\/www.chamiandco.com\/fr\/wp-json\/wp\/v2\/types\/page"}],"author":[{"embeddable":true,"href":"https:\/\/www.chamiandco.com\/fr\/wp-json\/wp\/v2\/users\/1"}],"replies":[{"embeddable":true,"href":"https:\/\/www.chamiandco.com\/fr\/wp-json\/wp\/v2\/comments?post=3"}],"version-history":[{"count":5,"href":"https:\/\/www.chamiandco.com\/fr\/wp-json\/wp\/v2\/pages\/3\/revisions"}],"predecessor-version":[{"id":2217,"href":"https:\/\/www.chamiandco.com\/fr\/wp-json\/wp\/v2\/pages\/3\/revisions\/2217"}],"wp:featuredmedia":[{"embeddable":true,"href":"https:\/\/www.chamiandco.com\/fr\/wp-json\/wp\/v2\/media\/801"}],"wp:attachment":[{"href":"https:\/\/www.chamiandco.com\/fr\/wp-json\/wp\/v2\/media?parent=3"}],"wp:term":[{"taxonomy":"tag-page","embeddable":true,"href":"https:\/\/www.chamiandco.com\/fr\/wp-json\/wp\/v2\/tag-page?post=3"}],"curies":[{"name":"wp","href":"https:\/\/api.w.org\/{rel}","templated":true}]}}