
{"id":32,"date":"2023-03-07T12:25:55","date_gmt":"2023-03-07T11:25:55","guid":{"rendered":"https:\/\/www.chamiandco.com\/?page_id=32"},"modified":"2025-02-19T15:22:57","modified_gmt":"2025-02-19T14:22:57","slug":"accueil","status":"publish","type":"page","link":"https:\/\/www.chamiandco.com\/fr\/","title":{"rendered":"Accueil"},"content":{"rendered":"\r\n\r\n<section class=\"b-hero-lg bg-cg\" id='block_50d257da598042a93b744f4007967f17'>\r\n    <div class=\"container\">\r\n        <div class=\"row\">\r\n            <div class=\"col-md-9 col-xl-7 col-xxl-6\">\r\n                <div class=\"b-hero-lg_txt editor\"><h1 id=\"qui-sommes-nous\">Qui sommes-nous<\/h2>\n<p>Nous sommes un cabinet ind\u00e9pendant de conseil et de finance d\u2019entreprise bas\u00e9 \u00e0 Paris, fond\u00e9 par Jean-Michel Chami et Alexandre Pfeiffer.<\/p>\n<p><a class=\"c-editor_btn btn-c2\" href=\"https:\/\/www.chamiandco.com\/fr\/qui-sommes-nous\/\">\u00c0 propos<\/a><\/p>\n<\/div>\r\n            <\/div>\r\n        <\/div>\r\n    <\/div>\r\n            <figure class=\"b-hero-lg_bg bg-wrp flt-xxxl flt-g2\" data-aos=\"fade\">\r\n                            <img decoding=\"async\" class='b-hero-lg_med'  alt=\"accueil\" src=\"https:\/\/www.chamiandco.com\/wp-content\/uploads\/2023\/06\/hero-home.jpg\" width=\"100%\" height=\"100%\" srcset=\"https:\/\/www.chamiandco.com\/wp-content\/uploads\/2023\/06\/hero-home.jpg 2560w, https:\/\/www.chamiandco.com\/wp-content\/uploads\/2023\/06\/hero-home-768x353.jpg 768w, https:\/\/www.chamiandco.com\/wp-content\/uploads\/2023\/06\/hero-home-1024x471.jpg 1024w, https:\/\/www.chamiandco.com\/wp-content\/uploads\/2023\/06\/hero-home-1536x706.jpg 1536w, https:\/\/www.chamiandco.com\/wp-content\/uploads\/2023\/06\/hero-home-2048x942.jpg 2048w\" sizes=\"(max-width: 2560px) 100vw, 2560px\">\r\n                    <\/figure>\r\n\t<\/section>\r\n\r\n\n\n\r\n\r\n<section class=\"b-text-media-md spc-y4 tpl-t2 bg-cw\" id='block_d7d36ec3431ccfebe9f5ec7e1c9a0bba' data-aos=\"fade\">\r\n\t<div class='container'>\r\n\t\t<div class=\"row\">\r\n\t\t\t<div class=\"col-lg-6\" data-aos=\"fade-right\">\r\n\t\t\t\t<div class=\"b-text-media-md_swiper swiper\" >\r\n\t\t\t\t\t<div class=\"b-text-media-md_medias swiper-wrapper\">\r\n\t\t\t\t\t\t\t\t\t\t\t\t\t<div class=\"swiper-slide\">\r\n\t\t\t\t\t\t\t\t<figure class=\"b-text-media-md_med rt-4x3 rt-full\">\r\n\t\t\t\t\t\t\t\t\t<img decoding=\"async\" class='b-text-media-md_img' style=\"object-fit:contain\" loading='lazy' alt=\"accueil\" src=\"https:\/\/www.chamiandco.com\/wp-content\/uploads\/2023\/10\/Groupe-32674@2x.jpg\" width=\"100%\" height=\"100%\" srcset=\"https:\/\/www.chamiandco.com\/wp-content\/uploads\/2023\/10\/Groupe-32674@2x.jpg 934w, https:\/\/www.chamiandco.com\/wp-content\/uploads\/2023\/10\/Groupe-32674@2x-768x768.jpg 768w, https:\/\/www.chamiandco.com\/wp-content\/uploads\/2023\/10\/Groupe-32674@2x-380x380.jpg 380w\" sizes=\"(max-width: 934px) 100vw, 934px\">\t\t\t\t\t\t\t\t<\/figure>\r\n\t\t\t\t\t\t\t<\/div>\r\n\t\t\t\t\t\t\t\t\t\t\t<\/div>\r\n\t\t\t\t\t\t\t\t\t<\/div>\r\n\t\t\t<\/div>\r\n\t\t\t<div class='col-lg-6' data-aos=\"fade-left\">\r\n\t\t\t\t\t<div class=\"b-text-media-md_txt editor\"><h2 id=\"notre-equipe\">Notre \u00e9quipe<\/h2>\n<div class=\"comment-li-wrapper _35x2ayZAjh7TZ365Wfcs88\" data-testid=\"comment-li-wrapper\">\n<div id=\"\/assets\/urn:aaid:sc:US:31da3ea8-a849-4542-8d34-9d2a00e03c69\/annots\/c4f5bc57-23ce-4571-b765-bdfbad535ee8\" class=\"comment-wrapper\" role=\"comment\">\n<div class=\"comment-content-wrapper\">\n<div class=\"row\">\n<div class=\"comment-text-controls-container\">\n<div class=\"comment-text\">Notre \u00e9quipe d\u2019une dizaine de professionnels, issus d\u2019horizons acad\u00e9miques et professionnels vari\u00e9s, b\u00e9n\u00e9ficie d\u2019une solide exp\u00e9rience du m\u00e9tier de conseil en fusions-acquisitions sur les segments small &amp; mid-caps, r\u00e9unissant ainsi des comp\u00e9tences compl\u00e9mentaires pour proposer \u00e0 nos clients une gamme compl\u00e8te de services \/ solutions.<\/div>\n<\/div>\n<\/div>\n<\/div>\n<\/div>\n<\/div>\n<p>&nbsp;<\/p>\n<p><a class=\"c-editor_btn btn-c2\" href=\"https:\/\/www.chamiandco.com\/fr\/equipe\/\">Notre \u00e9quipe<\/a><\/p>\n<\/div>\r\n\t\t\t<\/div>\r\n\t\t<\/div>\r\n\t<\/div>\r\n<\/section>\r\n\r\n\n\n\r\n\r\n<section class=\"b-text-list spc-y4 tpl-t1 bg-c1\" id='block_007f4a5e4f473b9156e3dd2f3345c617' data-aos=\"fade\">\r\n\t<div class='container'>\r\n\t\t<div class=\"row g-0\">\r\n\t\t\t<div class=\"col-lg-5\">\r\n\t\t\t\t<div class=\"b-text-list_items\">\r\n\t\t\t\t\t\t\t\t\t\t\t<div class=\"b-text-list_item\" data-aos=\"fade-left\">\r\n\t\t\t\t\t\t\t<h3 class=\"b-text-list_item-ttl\" class=\"b-text-list_item-ttl\" id=\"ma\">M&#038;A<\/h3>\r\n\t\t\t\t\t\t\t<p class=\"b-text-list_item-desc\">Accompagnement sur l&rsquo;ex\u00e9cution d&rsquo;op\u00e9rations M&#038;A Sell side \/ Buy side \/ Distressed.<\/p>\r\n\t\t\t\t\t\t<\/div>\r\n\t\t\t\t\t\t\t\t\t\t\t<div class=\"b-text-list_item\" data-aos=\"fade-left\">\r\n\t\t\t\t\t\t\t<h3 class=\"b-text-list_item-ttl\" class=\"b-text-list_item-ttl\" id=\"corporate-finance\">Corporate Finance<\/h3>\r\n\t\t\t\t\t\t\t<p class=\"b-text-list_item-desc\">Accompagnement sp\u00e9cifique sur des sujets annexes (lev\u00e9e de fonds, impairment test, plan d&rsquo;int\u00e9ressement, joint-venture&#8230;). <\/p>\r\n\t\t\t\t\t\t<\/div>\r\n\t\t\t\t\t\t\t\t\t\t\t<div class=\"b-text-list_item\" data-aos=\"fade-left\">\r\n\t\t\t\t\t\t\t<h3 class=\"b-text-list_item-ttl\" class=\"b-text-list_item-ttl\" id=\"debt-advisory\">Debt Advisory<\/h3>\r\n\t\t\t\t\t\t\t<p class=\"b-text-list_item-desc\">Accompagnement strat\u00e9gique de nos clients de mani\u00e8re transverse ou en amont de la mise en place d&rsquo;une strat\u00e9gie de d\u00e9veloppement.<\/p>\r\n\t\t\t\t\t\t<\/div>\r\n\t\t\t\t\t\t\t\t\t<\/div>\r\n\t\t\t<\/div>\r\n\t\t\t<div class='col-lg-6' data-aos=\"fade-right\">\r\n\t\t\t\t<div class=\"b-text-list_card bg-cw\">\r\n\t\t\t\t\t\t<div class=\"b-text-list_txt editor\"><h2 id=\"nos-activites\">Nos activit\u00e9s<\/h2>\n<ul>\n<li>Nous fournissons des services de conseil sur mesure en mati\u00e8re de fusions et acquisitions, de strat\u00e9gie, de financement d\u2019entreprise et de restructuration \u00e0 un large \u00e9ventail de clients publics et priv\u00e9s.<\/li>\n<li>Nous pouvons r\u00e9aliser des transactions complexes, en combinant une expertise transactionnelle et sectorielle avec une approche innovante.<\/li>\n<li>Nous sommes conscients que chaque client et chaque transaction sont uniques, et nous nous engageons \u00e0 fournir les meilleurs conseils dans chaque situation.<\/li>\n<\/ul>\n<p><a class=\"c-editor_btn btn-c2\" href=\"https:\/\/www.chamiandco.com\/fr\/operations\/\">Nos activit\u00e9s<\/a><\/p>\n<\/div>\r\n\t\t\t\t<\/div>\r\n\t\t\t<\/div>\r\n\t\t<\/div>\r\n\t<\/div>\r\n<\/section>\r\n\r\n\n\n\r\n\r\n\t<section class=\"b-list-expertise spc-y5 bg-cb\" id='block_6d949c5dfd8b8c23b69d3c200a4683c0' data-aos='fade'>\r\n\t\t<div class=\"container\">\r\n      <header class=\"b-list-expertise_header\">\r\n          <h2 class=\"b-list-expertise_head\" class=\"b-list-expertise_head\" id=\"notre-expertise-sectorielle\">Notre expertise sectorielle<\/h2>\r\n      <\/header>\r\n      <div class=\"b-list-expertise_items grid grid-3\">\r\n                  <div data-aos='fade-up' data-aos-delay='0' >\r\n            \r\n<article class=\"c-card-expertise\">\r\n    <figure class=\"c-card-expertise_ico rt-1x1\">\r\n        <img decoding=\"async\" class='c-card-expertise_med' loading='lazy' alt=\"accueil\" src=\"https:\/\/www.chamiandco.com\/wp-content\/uploads\/2023\/05\/picto-voiture-white-1.png\" width=\"100%\" height=\"100%\" srcset=\"\" sizes=\"(max-width: 98px) 100vw, 98px\">\r\n    <\/figure>\r\n    <div class=\"c-card-expertise_txt editor\">\r\n        <h3 class=\"c-card-expertise_ttl\" class=\"c-card-expertise_ttl\" id=\"automobile\">Automobile<\/h3>\r\n        <p class=\"c-card-expertise_desc\"><\/p>\r\n    <\/div>\r\n<\/article>          <\/div>\r\n                  <div data-aos='fade-up' data-aos-delay='50' >\r\n            \r\n<article class=\"c-card-expertise\">\r\n    <figure class=\"c-card-expertise_ico rt-1x1\">\r\n        <img decoding=\"async\" class='c-card-expertise_med' loading='lazy' alt=\"accueil\" src=\"https:\/\/www.chamiandco.com\/wp-content\/uploads\/2023\/05\/picto-brain-white-1.png\" width=\"100%\" height=\"100%\" srcset=\"\" sizes=\"(max-width: 98px) 100vw, 98px\">\r\n    <\/figure>\r\n    <div class=\"c-card-expertise_txt editor\">\r\n        <h3 class=\"c-card-expertise_ttl\" class=\"c-card-expertise_ttl\" id=\"services-aux-entreprises\">Services aux entreprises<\/h3>\r\n        <p class=\"c-card-expertise_desc\"><\/p>\r\n    <\/div>\r\n<\/article>          <\/div>\r\n                  <div data-aos='fade-up' data-aos-delay='100' >\r\n            \r\n<article class=\"c-card-expertise\">\r\n    <figure class=\"c-card-expertise_ico rt-1x1\">\r\n        <img decoding=\"async\" class='c-card-expertise_med' loading='lazy' alt=\"accueil\" src=\"https:\/\/www.chamiandco.com\/wp-content\/uploads\/2023\/05\/picto-panier-white-1.png\" width=\"100%\" height=\"100%\" srcset=\"\" sizes=\"(max-width: 98px) 100vw, 98px\">\r\n    <\/figure>\r\n    <div class=\"c-card-expertise_txt editor\">\r\n        <h3 class=\"c-card-expertise_ttl\" class=\"c-card-expertise_ttl\" id=\"consommation-distribution\">Consommation &#038; distribution<\/h3>\r\n        <p class=\"c-card-expertise_desc\"><\/p>\r\n    <\/div>\r\n<\/article>          <\/div>\r\n                  <div data-aos='fade-up' data-aos-delay='150' >\r\n            \r\n<article class=\"c-card-expertise\">\r\n    <figure class=\"c-card-expertise_ico rt-1x1\">\r\n        <img decoding=\"async\" class='c-card-expertise_med' loading='lazy' alt=\"accueil\" src=\"https:\/\/www.chamiandco.com\/wp-content\/uploads\/2023\/05\/picto-batiment-white-1.png\" width=\"100%\" height=\"100%\" srcset=\"\" sizes=\"(max-width: 98px) 100vw, 98px\">\r\n    <\/figure>\r\n    <div class=\"c-card-expertise_txt editor\">\r\n        <h3 class=\"c-card-expertise_ttl\" class=\"c-card-expertise_ttl\" id=\"services-financiers\">Services Financiers<\/h3>\r\n        <p class=\"c-card-expertise_desc\"><\/p>\r\n    <\/div>\r\n<\/article>          <\/div>\r\n                  <div data-aos='fade-up' data-aos-delay='200' >\r\n            \r\n<article class=\"c-card-expertise\">\r\n    <figure class=\"c-card-expertise_ico rt-1x1\">\r\n        <img decoding=\"async\" class='c-card-expertise_med' loading='lazy' alt=\"accueil\" src=\"https:\/\/www.chamiandco.com\/wp-content\/uploads\/2023\/05\/picto-sante-white-1.png\" width=\"100%\" height=\"100%\" srcset=\"\" sizes=\"(max-width: 98px) 100vw, 98px\">\r\n    <\/figure>\r\n    <div class=\"c-card-expertise_txt editor\">\r\n        <h3 class=\"c-card-expertise_ttl\" class=\"c-card-expertise_ttl\" id=\"sante\">Sant\u00e9<\/h3>\r\n        <p class=\"c-card-expertise_desc\"><\/p>\r\n    <\/div>\r\n<\/article>          <\/div>\r\n                  <div data-aos='fade-up' data-aos-delay='250' >\r\n            \r\n<article class=\"c-card-expertise\">\r\n    <figure class=\"c-card-expertise_ico rt-1x1\">\r\n        <img decoding=\"async\" class='c-card-expertise_med' loading='lazy' alt=\"accueil\" src=\"https:\/\/www.chamiandco.com\/wp-content\/uploads\/2023\/05\/picto-reglages-white-1.png\" width=\"100%\" height=\"100%\" srcset=\"\" sizes=\"(max-width: 98px) 100vw, 98px\">\r\n    <\/figure>\r\n    <div class=\"c-card-expertise_txt editor\">\r\n        <h3 class=\"c-card-expertise_ttl\" class=\"c-card-expertise_ttl\" id=\"industriel\">Industriel<\/h3>\r\n        <p class=\"c-card-expertise_desc\"><\/p>\r\n    <\/div>\r\n<\/article>          <\/div>\r\n                  <div data-aos='fade-up' data-aos-delay='300' >\r\n            \r\n<article class=\"c-card-expertise\">\r\n    <figure class=\"c-card-expertise_ico rt-1x1\">\r\n        <img decoding=\"async\" class='c-card-expertise_med' loading='lazy' alt=\"accueil\" src=\"https:\/\/www.chamiandco.com\/wp-content\/uploads\/2023\/05\/picto-reglages-white-1.png\" width=\"100%\" height=\"100%\" srcset=\"\" sizes=\"(max-width: 98px) 100vw, 98px\">\r\n    <\/figure>\r\n    <div class=\"c-card-expertise_txt editor\">\r\n        <h3 class=\"c-card-expertise_ttl\" class=\"c-card-expertise_ttl\" id=\"tmt\">TMT<\/h3>\r\n        <p class=\"c-card-expertise_desc\"><\/p>\r\n    <\/div>\r\n<\/article>          <\/div>\r\n                  <div data-aos='fade-up' data-aos-delay='350' >\r\n            \r\n<article class=\"c-card-expertise\">\r\n    <figure class=\"c-card-expertise_ico rt-1x1\">\r\n        <img decoding=\"async\" class='c-card-expertise_med' loading='lazy' alt=\"accueil\" src=\"https:\/\/www.chamiandco.com\/wp-content\/uploads\/2023\/05\/picto-train-white-1.png\" width=\"100%\" height=\"100%\" srcset=\"\" sizes=\"(max-width: 98px) 100vw, 98px\">\r\n    <\/figure>\r\n    <div class=\"c-card-expertise_txt editor\">\r\n        <h3 class=\"c-card-expertise_ttl\" class=\"c-card-expertise_ttl\" id=\"transport-et-logistique\">Transport et logistique<\/h3>\r\n        <p class=\"c-card-expertise_desc\"><\/p>\r\n    <\/div>\r\n<\/article>          <\/div>\r\n                  <div data-aos='fade-up' data-aos-delay='400' >\r\n            \r\n<article class=\"c-card-expertise\">\r\n    <figure class=\"c-card-expertise_ico rt-1x1\">\r\n        <img decoding=\"async\" class='c-card-expertise_med' loading='lazy' alt=\"accueil\" src=\"https:\/\/www.chamiandco.com\/wp-content\/uploads\/2025\/02\/picto.png\" width=\"100%\" height=\"100%\" srcset=\"\" sizes=\"(max-width: 98px) 100vw, 98px\">\r\n    <\/figure>\r\n    <div class=\"c-card-expertise_txt editor\">\r\n        <h3 class=\"c-card-expertise_ttl\" class=\"c-card-expertise_ttl\" id=\"immobilier\">Immobilier<\/h3>\r\n        <p class=\"c-card-expertise_desc\"><\/p>\r\n    <\/div>\r\n<\/article>          <\/div>\r\n              <\/div>\r\n    <\/div>\r\n          <figure class=\"b-list-expertise_med-wrp bg-wrp flt-xxxl flt-g1\">\r\n        <img decoding=\"async\" class='b-list-expertise_med prlx' loading='lazy' alt=\"accueil\" src=\"https:\/\/www.chamiandco.com\/wp-content\/uploads\/2023\/05\/background-expertise-1-1024x682.jpg\" width=\"100%\" height=\"100%\" srcset=\"https:\/\/www.chamiandco.com\/wp-content\/uploads\/2023\/05\/background-expertise-1-1024x682.jpg 1024w, https:\/\/www.chamiandco.com\/wp-content\/uploads\/2023\/05\/background-expertise-1-768x512.jpg 768w, https:\/\/www.chamiandco.com\/wp-content\/uploads\/2023\/05\/background-expertise-1-1536x1023.jpg 1536w, https:\/\/www.chamiandco.com\/wp-content\/uploads\/2023\/05\/background-expertise-1.jpg 1920w\" sizes=\"(max-width: 1024px) 100vw, 1024px\">      <\/figure>\r\n    \t<\/section>\r\n\r\n","protected":false},"excerpt":{"rendered":"Nous sommes un cabinet ind\u00e9pendant de conseil et de finance d\u2019entreprise bas\u00e9 \u00e0 Paris, fond\u00e9 par Jean-Michel Chami et Alexandre Pfeiffer.","protected":false},"author":1,"featured_media":800,"parent":0,"menu_order":0,"comment_status":"closed","ping_status":"closed","template":"","meta":{"_acf_changed":false,"inline_featured_image":false,"footnotes":""},"tag-page":[],"class_list":["post-32","page","type-page","status-publish","has-post-thumbnail","hentry"],"acf":[],"yoast_head":"<!-- This site is optimized with the Yoast SEO plugin v27.3 - https:\/\/yoast.com\/product\/yoast-seo-wordpress\/ -->\n<title>Chami &amp; Co | Conseil M&amp;A et Corporate Finance<\/title>\n<meta name=\"description\" content=\"Nous sommes un cabinet ind\u00e9pendant de conseil et de finance d\u2019entreprise bas\u00e9 \u00e0 Paris, fond\u00e9 par Jean-Michel Chami et Alexandre Pfeiffer.\" \/>\n<meta name=\"robots\" content=\"index, follow, max-snippet:-1, max-image-preview:large, max-video-preview:-1\" \/>\n<link rel=\"canonical\" href=\"https:\/\/www.chamiandco.com\/fr\/\" \/>\n<meta property=\"og:locale\" content=\"fr_FR\" \/>\n<meta property=\"og:type\" content=\"article\" \/>\n<meta property=\"og:title\" content=\"Chami &amp; Co | Conseil M&amp;A et Corporate Finance\" \/>\n<meta property=\"og:description\" content=\"Nous sommes un cabinet ind\u00e9pendant de conseil et de finance d\u2019entreprise bas\u00e9 \u00e0 Paris, fond\u00e9 par Jean-Michel Chami et Alexandre Pfeiffer.\" \/>\n<meta property=\"og:url\" content=\"https:\/\/www.chamiandco.com\/fr\/\" \/>\n<meta property=\"og:site_name\" content=\"Chami &amp; Co\" \/>\n<meta property=\"article:modified_time\" content=\"2025-02-19T14:22:57+00:00\" \/>\n<meta property=\"og:image\" content=\"https:\/\/www.chamiandco.com\/wp-content\/uploads\/2023\/03\/hero-03.jpg\" \/>\n\t<meta property=\"og:image:width\" content=\"1920\" \/>\n\t<meta property=\"og:image:height\" content=\"1080\" \/>\n\t<meta property=\"og:image:type\" content=\"image\/jpeg\" \/>\n<meta name=\"twitter:card\" content=\"summary_large_image\" \/>\n<script type=\"application\/ld+json\" class=\"yoast-schema-graph\">{\"@context\":\"https:\\\/\\\/schema.org\",\"@graph\":[{\"@type\":\"WebPage\",\"@id\":\"https:\\\/\\\/www.chamiandco.com\\\/fr\\\/\",\"url\":\"https:\\\/\\\/www.chamiandco.com\\\/fr\\\/\",\"name\":\"Chami & Co | Conseil M&A et Corporate Finance\",\"isPartOf\":{\"@id\":\"https:\\\/\\\/www.chamiandco.com\\\/fr\\\/#website\"},\"primaryImageOfPage\":{\"@id\":\"https:\\\/\\\/www.chamiandco.com\\\/fr\\\/#primaryimage\"},\"image\":{\"@id\":\"https:\\\/\\\/www.chamiandco.com\\\/fr\\\/#primaryimage\"},\"thumbnailUrl\":\"https:\\\/\\\/www.chamiandco.com\\\/wp-content\\\/uploads\\\/2023\\\/03\\\/hero-03.jpg\",\"datePublished\":\"2023-03-07T11:25:55+00:00\",\"dateModified\":\"2025-02-19T14:22:57+00:00\",\"description\":\"Nous sommes un cabinet ind\u00e9pendant de conseil et de finance d\u2019entreprise bas\u00e9 \u00e0 Paris, fond\u00e9 par Jean-Michel Chami et Alexandre Pfeiffer.\",\"breadcrumb\":{\"@id\":\"https:\\\/\\\/www.chamiandco.com\\\/fr\\\/#breadcrumb\"},\"inLanguage\":\"fr-FR\",\"potentialAction\":[{\"@type\":\"ReadAction\",\"target\":[\"https:\\\/\\\/www.chamiandco.com\\\/fr\\\/\"]}]},{\"@type\":\"ImageObject\",\"inLanguage\":\"fr-FR\",\"@id\":\"https:\\\/\\\/www.chamiandco.com\\\/fr\\\/#primaryimage\",\"url\":\"https:\\\/\\\/www.chamiandco.com\\\/wp-content\\\/uploads\\\/2023\\\/03\\\/hero-03.jpg\",\"contentUrl\":\"https:\\\/\\\/www.chamiandco.com\\\/wp-content\\\/uploads\\\/2023\\\/03\\\/hero-03.jpg\",\"width\":1920,\"height\":1080},{\"@type\":\"BreadcrumbList\",\"@id\":\"https:\\\/\\\/www.chamiandco.com\\\/fr\\\/#breadcrumb\",\"itemListElement\":[{\"@type\":\"ListItem\",\"position\":1,\"name\":\"Accueil\",\"item\":\"https:\\\/\\\/www.chamiandco.com\\\/fr\\\/\"},{\"@type\":\"ListItem\",\"position\":2,\"name\":\"Accueil\"}]},{\"@type\":\"WebSite\",\"@id\":\"https:\\\/\\\/www.chamiandco.com\\\/fr\\\/#website\",\"url\":\"https:\\\/\\\/www.chamiandco.com\\\/fr\\\/\",\"name\":\"Chami & Co\",\"description\":\"Conseil et financement d&#039;entreprises \u00e0 Paris\",\"potentialAction\":[{\"@type\":\"SearchAction\",\"target\":{\"@type\":\"EntryPoint\",\"urlTemplate\":\"https:\\\/\\\/www.chamiandco.com\\\/fr\\\/?s={search_term_string}\"},\"query-input\":{\"@type\":\"PropertyValueSpecification\",\"valueRequired\":true,\"valueName\":\"search_term_string\"}}],\"inLanguage\":\"fr-FR\"}]}<\/script>\n<!-- \/ Yoast SEO plugin. -->","yoast_head_json":{"title":"Chami & Co | Conseil M&A et Corporate Finance","description":"Nous sommes un cabinet ind\u00e9pendant de conseil et de finance d\u2019entreprise bas\u00e9 \u00e0 Paris, fond\u00e9 par Jean-Michel Chami et Alexandre Pfeiffer.","robots":{"index":"index","follow":"follow","max-snippet":"max-snippet:-1","max-image-preview":"max-image-preview:large","max-video-preview":"max-video-preview:-1"},"canonical":"https:\/\/www.chamiandco.com\/fr\/","og_locale":"fr_FR","og_type":"article","og_title":"Chami & Co | Conseil M&A et Corporate Finance","og_description":"Nous sommes un cabinet ind\u00e9pendant de conseil et de finance d\u2019entreprise bas\u00e9 \u00e0 Paris, fond\u00e9 par Jean-Michel Chami et Alexandre Pfeiffer.","og_url":"https:\/\/www.chamiandco.com\/fr\/","og_site_name":"Chami &amp; Co","article_modified_time":"2025-02-19T14:22:57+00:00","og_image":[{"width":1920,"height":1080,"url":"https:\/\/www.chamiandco.com\/wp-content\/uploads\/2023\/03\/hero-03.jpg","type":"image\/jpeg"}],"twitter_card":"summary_large_image","schema":{"@context":"https:\/\/schema.org","@graph":[{"@type":"WebPage","@id":"https:\/\/www.chamiandco.com\/fr\/","url":"https:\/\/www.chamiandco.com\/fr\/","name":"Chami & Co | Conseil M&A et Corporate Finance","isPartOf":{"@id":"https:\/\/www.chamiandco.com\/fr\/#website"},"primaryImageOfPage":{"@id":"https:\/\/www.chamiandco.com\/fr\/#primaryimage"},"image":{"@id":"https:\/\/www.chamiandco.com\/fr\/#primaryimage"},"thumbnailUrl":"https:\/\/www.chamiandco.com\/wp-content\/uploads\/2023\/03\/hero-03.jpg","datePublished":"2023-03-07T11:25:55+00:00","dateModified":"2025-02-19T14:22:57+00:00","description":"Nous sommes un cabinet ind\u00e9pendant de conseil et de finance d\u2019entreprise bas\u00e9 \u00e0 Paris, fond\u00e9 par Jean-Michel Chami et Alexandre Pfeiffer.","breadcrumb":{"@id":"https:\/\/www.chamiandco.com\/fr\/#breadcrumb"},"inLanguage":"fr-FR","potentialAction":[{"@type":"ReadAction","target":["https:\/\/www.chamiandco.com\/fr\/"]}]},{"@type":"ImageObject","inLanguage":"fr-FR","@id":"https:\/\/www.chamiandco.com\/fr\/#primaryimage","url":"https:\/\/www.chamiandco.com\/wp-content\/uploads\/2023\/03\/hero-03.jpg","contentUrl":"https:\/\/www.chamiandco.com\/wp-content\/uploads\/2023\/03\/hero-03.jpg","width":1920,"height":1080},{"@type":"BreadcrumbList","@id":"https:\/\/www.chamiandco.com\/fr\/#breadcrumb","itemListElement":[{"@type":"ListItem","position":1,"name":"Accueil","item":"https:\/\/www.chamiandco.com\/fr\/"},{"@type":"ListItem","position":2,"name":"Accueil"}]},{"@type":"WebSite","@id":"https:\/\/www.chamiandco.com\/fr\/#website","url":"https:\/\/www.chamiandco.com\/fr\/","name":"Chami & Co","description":"Conseil et financement d&#039;entreprises \u00e0 Paris","potentialAction":[{"@type":"SearchAction","target":{"@type":"EntryPoint","urlTemplate":"https:\/\/www.chamiandco.com\/fr\/?s={search_term_string}"},"query-input":{"@type":"PropertyValueSpecification","valueRequired":true,"valueName":"search_term_string"}}],"inLanguage":"fr-FR"}]}},"_links":{"self":[{"href":"https:\/\/www.chamiandco.com\/fr\/wp-json\/wp\/v2\/pages\/32","targetHints":{"allow":["GET"]}}],"collection":[{"href":"https:\/\/www.chamiandco.com\/fr\/wp-json\/wp\/v2\/pages"}],"about":[{"href":"https:\/\/www.chamiandco.com\/fr\/wp-json\/wp\/v2\/types\/page"}],"author":[{"embeddable":true,"href":"https:\/\/www.chamiandco.com\/fr\/wp-json\/wp\/v2\/users\/1"}],"replies":[{"embeddable":true,"href":"https:\/\/www.chamiandco.com\/fr\/wp-json\/wp\/v2\/comments?post=32"}],"version-history":[{"count":4,"href":"https:\/\/www.chamiandco.com\/fr\/wp-json\/wp\/v2\/pages\/32\/revisions"}],"predecessor-version":[{"id":3314,"href":"https:\/\/www.chamiandco.com\/fr\/wp-json\/wp\/v2\/pages\/32\/revisions\/3314"}],"wp:featuredmedia":[{"embeddable":true,"href":"https:\/\/www.chamiandco.com\/fr\/wp-json\/wp\/v2\/media\/800"}],"wp:attachment":[{"href":"https:\/\/www.chamiandco.com\/fr\/wp-json\/wp\/v2\/media?parent=32"}],"wp:term":[{"taxonomy":"tag-page","embeddable":true,"href":"https:\/\/www.chamiandco.com\/fr\/wp-json\/wp\/v2\/tag-page?post=32"}],"curies":[{"name":"wp","href":"https:\/\/api.w.org\/{rel}","templated":true}]}}