
{"id":91,"date":"2023-03-07T16:09:13","date_gmt":"2023-03-07T15:09:13","guid":{"rendered":"https:\/\/www.chamiandco.com\/?page_id=91"},"modified":"2023-06-20T16:19:26","modified_gmt":"2023-06-20T14:19:26","slug":"politique-des-cookies","status":"publish","type":"page","link":"https:\/\/www.chamiandco.com\/fr\/politique-des-cookies\/","title":{"rendered":"Politique des cookies"},"content":{"rendered":"\r\n\r\n<section class=\"b-hero-sm bg-c1\" id='block_31b9b0d69fe7c7b2eb806566f52e8a8f'>\r\n\t<div class=\"container\" data-aos=\"fade\">\r\n\t\t<div class=\"b-hero-sm_wrp spc-y5\">\r\n\t\t\t<header class=\"b-hero-sm_header spc-y2\">\r\n\t\t\t\t<h1 class=\"b-hero-sm_ttl\" data-aos=\"fade-right\" data-aos-delay='50' class=\"b-hero-sm_ttl\" data-aos=\"fade-right\" data-aos-delay='50' id=\"politique-des-cookies\">Politique des cookies<\/h1>\r\n\t\t\t\t\t\t\t<\/header>\r\n\t\t<\/div>\r\n\t<\/div>\r\n\t\t\t<figure class=\"b-hero-sm_figure bg-wrp flt flt-g2\" data-aos=\"fade\">\r\n\t\t\t<img decoding=\"async\" class='b-hero-sm_med prlx' loading='lazy' alt=\"politique-des-cookies\" src=\"https:\/\/www.chamiandco.com\/wp-content\/uploads\/2023\/06\/shutterstock_691685071@2x-1-1.jpg\" width=\"100%\" height=\"100%\" srcset=\"https:\/\/www.chamiandco.com\/wp-content\/uploads\/2023\/06\/shutterstock_691685071@2x-1-1.jpg 1920w, https:\/\/www.chamiandco.com\/wp-content\/uploads\/2023\/06\/shutterstock_691685071@2x-1-1-768x362.jpg 768w, https:\/\/www.chamiandco.com\/wp-content\/uploads\/2023\/06\/shutterstock_691685071@2x-1-1-1024x483.jpg 1024w, https:\/\/www.chamiandco.com\/wp-content\/uploads\/2023\/06\/shutterstock_691685071@2x-1-1-1536x724.jpg 1536w\" sizes=\"(max-width: 1920px) 100vw, 1920px\">\t\t<\/figure>\r\n\t<\/section>\r\n<section class=\"b-breadcrumb\" data-aos=\"fade\">\r\n\t<div class=\"container\"><ul class=\"g-crumb\"><\/span><li class='g-crumb_item'><a class=\"g-crumb_link\" href=\"https:\/\/www.chamiandco.com\/fr\/\" >Accueil<\/a><\/li><\/span><\/ul><\/div>\r\n<\/section>\r\n\r\n\n\n\r\n\r\n<section class=\"b-tinymce spc-y5 bg-cw column1\" id='block_a9929390865b1af69d78f0c4c660b73e' data-aos=\"fade\">\r\n\t<div class=\"container\" data-aos=\"fade-up\">\r\n\t\t\r\n\t\t\t\r\n\t\t\t<div class=\"row\">\r\n\t\t\t\t<div class=\"col-9\">\r\n\t\t\t\t\t<div class=\"b-tinymce_txt editor\"><h1 id=\"definition\">D\u00e9finition<\/h2>\n<p>Un cookie est un petit fichier de donn\u00e9es (fichier texte) qu&rsquo;un site Web, lorsqu&rsquo;il est consult\u00e9 par un utilisateur, demande \u00e0 votre navigateur de stocker sur votre appareil afin de m\u00e9moriser des informations vous concernant, telles que vos pr\u00e9f\u00e9rences linguistiques ou informations de connexion. Nous configurons ces cookies appel\u00e9s cookies internes. Nous utilisons \u00e9galement des cookies tiers, qui sont des cookies d&rsquo;un domaine diff\u00e9rent de celui du site Web que vous consultez, pour nos efforts de publicit\u00e9 et de marketing. Plus concr\u00e8tement, nous utilisons des cookies et d&rsquo;autres technologies de suivi.<\/p>\n<h3 id=\"cookies-pour-une-publicite-ciblee\">Cookies pour une publicit\u00e9 cibl\u00e9e<\/h3>\n<p>Ces cookies peuvent \u00eatre mis en place au sein de notre site Web par nos partenaires publicitaires. Ils peuvent \u00eatre utilis\u00e9s par ces soci\u00e9t\u00e9s pour \u00e9tablir un profil de vos int\u00e9r\u00eats et vous proposer des publicit\u00e9s pertinentes sur d&rsquo;autres sites Web. Ils ne stockent pas directement des donn\u00e9es personnelles, mais sont bas\u00e9s sur l&rsquo;identification unique de votre navigateur et de votre appareil Internet. Si vous n&rsquo;autorisez pas ces cookies, votre publicit\u00e9 sera moins cibl\u00e9e.<\/p>\n<h3 id=\"cookies-strictement-necessaires\">Cookies strictement n\u00e9cessaires<\/h3>\n<p>Ces cookies sont n\u00e9cessaires au fonctionnement du site Web et ne peuvent pas \u00eatre d\u00e9sactiv\u00e9s dans nos syst\u00e8mes. Ils sont g\u00e9n\u00e9ralement \u00e9tablis en tant que r\u00e9ponse \u00e0 des actions que vous avez effectu\u00e9es et qui constituent une demande de services, telles que la d\u00e9finition de vos pr\u00e9f\u00e9rences en mati\u00e8re de confidentialit\u00e9, la connexion ou le remplissage de formulaires. Vous pouvez configurer votre navigateur afin de bloquer ou \u00eatre inform\u00e9 de l&rsquo;existence de ces cookies, mais certaines parties du site Web peuvent \u00eatre affect\u00e9es. Ces cookies ne stockent aucune information d\u2019identification personnelle.<\/p>\n<h2 id=\"solutions-utilisees\">Solution(s) utilis\u00e9e(s)<\/h2>\n<p>Nous utilisons <strong>Piwik PRO Analytics Suite<\/strong> comme logiciel d&rsquo;analyse de sites Web\/applications et outil de gestion du consentement. Nous recueillons des donn\u00e9es sur les visiteurs du site Web \u00e0 l&rsquo;aide <a href=\"https:\/\/help.piwik.pro\/support\/getting-started\/cookies-created-by-piwik-pro\/\" target=\"_blank\" rel=\"noopener\">de cookies<\/a>. Les informations collect\u00e9es peuvent inclure l&rsquo;adresse IP, le syst\u00e8me d&rsquo;exploitation, l&rsquo;identifiant du navigateur, l&rsquo;activit\u00e9 de navigation et d&rsquo;autres informations d&rsquo;un visiteur. Voir l&rsquo;<a href=\"https:\/\/help.piwik.pro\/support\/getting-started\/what-data-does-piwik-pro-collect\/\" target=\"_blank\" rel=\"noopener\"> \u00e9tendue des donn\u00e9es collect\u00e9es par Piwik PRO<\/a>.<\/p>\n<p>Nous calculons des mesures telles que le taux de rebond, les pages vues, les sessions, etc., pour comprendre comment notre site Web\/application est utilis\u00e9. Nous pouvons \u00e9galement cr\u00e9er des profils de visiteurs bas\u00e9s sur l&rsquo;historique de navigation pour analyser le comportement des visiteurs, afficher un contenu personnalis\u00e9 et ex\u00e9cuter des campagnes en ligne.<\/p>\n<p>Nous h\u00e9bergeons notre solution sur Microsoft Azure en Allemagne\/Pays-Bas\/\u00c9tats-Unis\/Hong Kong\/ElastX en Su\u00e8de, et les donn\u00e9es sont stock\u00e9es pendant 14\/25 mois.<\/p>\n<p>Finalit\u00e9 du traitement des donn\u00e9es : analyse et suivi des conversions sur la base du consentement. Base juridique: Art.&nbsp;6 (1)(a) RGPD.<\/p>\n<p>Piwik PRO ne transmet pas les donn\u00e9es vous concernant \u00e0 d&rsquo;autres sous-traitants ou tiers et ne les utilise pas \u00e0 ses propres fins. Pour en savoir plus, lisez <a href=\"https:\/\/piwik.pro\/privacy-policy\/?pk_vid=7a805ab187a44df11680180056bffbc1#product\" target=\"_blank\" rel=\"noopener\">la politique de confidentialit\u00e9 de Piwik PRO<\/a>.<\/p>\n<\/div>\r\n\t\t\t\t<\/div>\r\n\t\t\t\t\t\t\t<\/div>\r\n\r\n\t<\/div>\r\n<\/section>\r\n\r\n","protected":false},"excerpt":{"rendered":"Curabitur non nulla sit amet nisl tempus convallis quis ac lectus. Curabitur arcu erat, accumsan id imperdiet et, porttitor at sem.","protected":false},"author":1,"featured_media":2135,"parent":0,"menu_order":0,"comment_status":"closed","ping_status":"closed","template":"","meta":{"_acf_changed":false,"inline_featured_image":false,"footnotes":""},"tag-page":[],"class_list":["post-91","page","type-page","status-publish","has-post-thumbnail","hentry"],"acf":[],"yoast_head":"<!-- This site is optimized with the Yoast SEO plugin v27.3 - https:\/\/yoast.com\/product\/yoast-seo-wordpress\/ -->\n<title>Chami &amp; Co<\/title>\n<meta name=\"robots\" content=\"index, follow, max-snippet:-1, max-image-preview:large, max-video-preview:-1\" \/>\n<link rel=\"canonical\" href=\"https:\/\/www.chamiandco.com\/fr\/politique-des-cookies\/\" \/>\n<meta property=\"og:locale\" content=\"fr_FR\" \/>\n<meta property=\"og:type\" content=\"article\" \/>\n<meta property=\"og:title\" content=\"Politique des cookies - Chami &amp; Co\" \/>\n<meta property=\"og:description\" content=\"Curabitur non nulla sit amet nisl tempus convallis quis ac lectus. Curabitur arcu erat, accumsan id imperdiet et, porttitor at sem.\" \/>\n<meta property=\"og:url\" content=\"https:\/\/www.chamiandco.com\/fr\/politique-des-cookies\/\" \/>\n<meta property=\"og:site_name\" content=\"Chami &amp; Co\" \/>\n<meta property=\"article:modified_time\" content=\"2023-06-20T14:19:26+00:00\" \/>\n<meta property=\"og:image\" content=\"https:\/\/www.chamiandco.com\/wp-content\/uploads\/2023\/06\/shutterstock_691685071@2x-1-1.jpg\" \/>\n\t<meta property=\"og:image:width\" content=\"1920\" \/>\n\t<meta property=\"og:image:height\" content=\"905\" \/>\n\t<meta property=\"og:image:type\" content=\"image\/jpeg\" \/>\n<meta name=\"twitter:card\" content=\"summary_large_image\" \/>\n<script type=\"application\/ld+json\" class=\"yoast-schema-graph\">{\"@context\":\"https:\\\/\\\/schema.org\",\"@graph\":[{\"@type\":\"WebPage\",\"@id\":\"https:\\\/\\\/www.chamiandco.com\\\/fr\\\/politique-des-cookies\\\/\",\"url\":\"https:\\\/\\\/www.chamiandco.com\\\/fr\\\/politique-des-cookies\\\/\",\"name\":\"Politique des cookies - Chami &amp; Co\",\"isPartOf\":{\"@id\":\"https:\\\/\\\/www.chamiandco.com\\\/fr\\\/#website\"},\"primaryImageOfPage\":{\"@id\":\"https:\\\/\\\/www.chamiandco.com\\\/fr\\\/politique-des-cookies\\\/#primaryimage\"},\"image\":{\"@id\":\"https:\\\/\\\/www.chamiandco.com\\\/fr\\\/politique-des-cookies\\\/#primaryimage\"},\"thumbnailUrl\":\"https:\\\/\\\/www.chamiandco.com\\\/wp-content\\\/uploads\\\/2023\\\/06\\\/shutterstock_691685071@2x-1-1.jpg\",\"datePublished\":\"2023-03-07T15:09:13+00:00\",\"dateModified\":\"2023-06-20T14:19:26+00:00\",\"description\":\"Curabitur non nulla sit amet nisl tempus convallis quis ac lectus. Curabitur arcu erat, accumsan id imperdiet et, porttitor at sem.\",\"breadcrumb\":{\"@id\":\"https:\\\/\\\/www.chamiandco.com\\\/fr\\\/politique-des-cookies\\\/#breadcrumb\"},\"inLanguage\":\"fr-FR\",\"potentialAction\":[{\"@type\":\"ReadAction\",\"target\":[\"https:\\\/\\\/www.chamiandco.com\\\/fr\\\/politique-des-cookies\\\/\"]}]},{\"@type\":\"ImageObject\",\"inLanguage\":\"fr-FR\",\"@id\":\"https:\\\/\\\/www.chamiandco.com\\\/fr\\\/politique-des-cookies\\\/#primaryimage\",\"url\":\"https:\\\/\\\/www.chamiandco.com\\\/wp-content\\\/uploads\\\/2023\\\/06\\\/shutterstock_691685071@2x-1-1.jpg\",\"contentUrl\":\"https:\\\/\\\/www.chamiandco.com\\\/wp-content\\\/uploads\\\/2023\\\/06\\\/shutterstock_691685071@2x-1-1.jpg\",\"width\":1920,\"height\":905},{\"@type\":\"BreadcrumbList\",\"@id\":\"https:\\\/\\\/www.chamiandco.com\\\/fr\\\/politique-des-cookies\\\/#breadcrumb\",\"itemListElement\":[{\"@type\":\"ListItem\",\"position\":1,\"name\":\"Accueil\",\"item\":\"https:\\\/\\\/www.chamiandco.com\\\/fr\\\/\"},{\"@type\":\"ListItem\",\"position\":2,\"name\":\"Politique des cookies\"}]},{\"@type\":\"WebSite\",\"@id\":\"https:\\\/\\\/www.chamiandco.com\\\/fr\\\/#website\",\"url\":\"https:\\\/\\\/www.chamiandco.com\\\/fr\\\/\",\"name\":\"Chami & Co\",\"description\":\"Conseil et financement d&#039;entreprises \u00e0 Paris\",\"potentialAction\":[{\"@type\":\"SearchAction\",\"target\":{\"@type\":\"EntryPoint\",\"urlTemplate\":\"https:\\\/\\\/www.chamiandco.com\\\/fr\\\/?s={search_term_string}\"},\"query-input\":{\"@type\":\"PropertyValueSpecification\",\"valueRequired\":true,\"valueName\":\"search_term_string\"}}],\"inLanguage\":\"fr-FR\"}]}<\/script>\n<!-- \/ Yoast SEO plugin. -->","yoast_head_json":{"title":"Chami &amp; Co","robots":{"index":"index","follow":"follow","max-snippet":"max-snippet:-1","max-image-preview":"max-image-preview:large","max-video-preview":"max-video-preview:-1"},"canonical":"https:\/\/www.chamiandco.com\/fr\/politique-des-cookies\/","og_locale":"fr_FR","og_type":"article","og_title":"Politique des cookies - Chami &amp; Co","og_description":"Curabitur non nulla sit amet nisl tempus convallis quis ac lectus. Curabitur arcu erat, accumsan id imperdiet et, porttitor at sem.","og_url":"https:\/\/www.chamiandco.com\/fr\/politique-des-cookies\/","og_site_name":"Chami &amp; Co","article_modified_time":"2023-06-20T14:19:26+00:00","og_image":[{"width":1920,"height":905,"url":"https:\/\/www.chamiandco.com\/wp-content\/uploads\/2023\/06\/shutterstock_691685071@2x-1-1.jpg","type":"image\/jpeg"}],"twitter_card":"summary_large_image","schema":{"@context":"https:\/\/schema.org","@graph":[{"@type":"WebPage","@id":"https:\/\/www.chamiandco.com\/fr\/politique-des-cookies\/","url":"https:\/\/www.chamiandco.com\/fr\/politique-des-cookies\/","name":"Politique des cookies - Chami &amp; Co","isPartOf":{"@id":"https:\/\/www.chamiandco.com\/fr\/#website"},"primaryImageOfPage":{"@id":"https:\/\/www.chamiandco.com\/fr\/politique-des-cookies\/#primaryimage"},"image":{"@id":"https:\/\/www.chamiandco.com\/fr\/politique-des-cookies\/#primaryimage"},"thumbnailUrl":"https:\/\/www.chamiandco.com\/wp-content\/uploads\/2023\/06\/shutterstock_691685071@2x-1-1.jpg","datePublished":"2023-03-07T15:09:13+00:00","dateModified":"2023-06-20T14:19:26+00:00","description":"Curabitur non nulla sit amet nisl tempus convallis quis ac lectus. Curabitur arcu erat, accumsan id imperdiet et, porttitor at sem.","breadcrumb":{"@id":"https:\/\/www.chamiandco.com\/fr\/politique-des-cookies\/#breadcrumb"},"inLanguage":"fr-FR","potentialAction":[{"@type":"ReadAction","target":["https:\/\/www.chamiandco.com\/fr\/politique-des-cookies\/"]}]},{"@type":"ImageObject","inLanguage":"fr-FR","@id":"https:\/\/www.chamiandco.com\/fr\/politique-des-cookies\/#primaryimage","url":"https:\/\/www.chamiandco.com\/wp-content\/uploads\/2023\/06\/shutterstock_691685071@2x-1-1.jpg","contentUrl":"https:\/\/www.chamiandco.com\/wp-content\/uploads\/2023\/06\/shutterstock_691685071@2x-1-1.jpg","width":1920,"height":905},{"@type":"BreadcrumbList","@id":"https:\/\/www.chamiandco.com\/fr\/politique-des-cookies\/#breadcrumb","itemListElement":[{"@type":"ListItem","position":1,"name":"Accueil","item":"https:\/\/www.chamiandco.com\/fr\/"},{"@type":"ListItem","position":2,"name":"Politique des cookies"}]},{"@type":"WebSite","@id":"https:\/\/www.chamiandco.com\/fr\/#website","url":"https:\/\/www.chamiandco.com\/fr\/","name":"Chami & Co","description":"Conseil et financement d&#039;entreprises \u00e0 Paris","potentialAction":[{"@type":"SearchAction","target":{"@type":"EntryPoint","urlTemplate":"https:\/\/www.chamiandco.com\/fr\/?s={search_term_string}"},"query-input":{"@type":"PropertyValueSpecification","valueRequired":true,"valueName":"search_term_string"}}],"inLanguage":"fr-FR"}]}},"_links":{"self":[{"href":"https:\/\/www.chamiandco.com\/fr\/wp-json\/wp\/v2\/pages\/91","targetHints":{"allow":["GET"]}}],"collection":[{"href":"https:\/\/www.chamiandco.com\/fr\/wp-json\/wp\/v2\/pages"}],"about":[{"href":"https:\/\/www.chamiandco.com\/fr\/wp-json\/wp\/v2\/types\/page"}],"author":[{"embeddable":true,"href":"https:\/\/www.chamiandco.com\/fr\/wp-json\/wp\/v2\/users\/1"}],"replies":[{"embeddable":true,"href":"https:\/\/www.chamiandco.com\/fr\/wp-json\/wp\/v2\/comments?post=91"}],"version-history":[{"count":5,"href":"https:\/\/www.chamiandco.com\/fr\/wp-json\/wp\/v2\/pages\/91\/revisions"}],"predecessor-version":[{"id":2213,"href":"https:\/\/www.chamiandco.com\/fr\/wp-json\/wp\/v2\/pages\/91\/revisions\/2213"}],"wp:featuredmedia":[{"embeddable":true,"href":"https:\/\/www.chamiandco.com\/fr\/wp-json\/wp\/v2\/media\/2135"}],"wp:attachment":[{"href":"https:\/\/www.chamiandco.com\/fr\/wp-json\/wp\/v2\/media?parent=91"}],"wp:term":[{"taxonomy":"tag-page","embeddable":true,"href":"https:\/\/www.chamiandco.com\/fr\/wp-json\/wp\/v2\/tag-page?post=91"}],"curies":[{"name":"wp","href":"https:\/\/api.w.org\/{rel}","templated":true}]}}